{"id":2637,"date":"2021-04-20T12:15:36","date_gmt":"2021-04-20T12:15:36","guid":{"rendered":"http:\/\/formation.grex-conseil.com\/?page_id=2637"},"modified":"2026-02-26T22:12:21","modified_gmt":"2026-02-26T22:12:21","slug":"les-universites","status":"publish","type":"page","link":"https:\/\/andaluciapce.com\/index.php\/les-universites\/","title":{"rendered":"Pr\u00e9paration selectividad"},"content":{"rendered":"\t\t<div data-elementor-type=\"wp-page\" data-elementor-id=\"2637\" class=\"elementor elementor-2637\">\n\t\t\t\t<div class=\"elementor-element elementor-element-12627d2 e-flex e-con-boxed e-con e-parent\" data-id=\"12627d2\" data-element_type=\"container\" data-e-type=\"container\">\n\t\t\t\t\t<div class=\"e-con-inner\">\n\t\t\t\t<div class=\"elementor-element elementor-element-519ee9d elementor-invisible elementor-widget elementor-widget-image\" data-id=\"519ee9d\" data-element_type=\"widget\" data-e-type=\"widget\" data-settings=\"{&quot;_animation&quot;:&quot;slideInUp&quot;}\" data-widget_type=\"image.default\">\n\t\t\t\t\t\t\t\t\t\t\t\t\t\t\t<img fetchpriority=\"high\" decoding=\"async\" width=\"1920\" height=\"1080\" src=\"https:\/\/andaluciapce.com\/wp-content\/uploads\/2026\/01\/andalucia-3.jpg\" class=\"attachment-2048x2048 size-2048x2048 wp-image-3949\" alt=\"\" srcset=\"https:\/\/andaluciapce.com\/wp-content\/uploads\/2026\/01\/andalucia-3.jpg 1920w, https:\/\/andaluciapce.com\/wp-content\/uploads\/2026\/01\/andalucia-3-300x169.jpg 300w, https:\/\/andaluciapce.com\/wp-content\/uploads\/2026\/01\/andalucia-3-1024x576.jpg 1024w, https:\/\/andaluciapce.com\/wp-content\/uploads\/2026\/01\/andalucia-3-768x432.jpg 768w, https:\/\/andaluciapce.com\/wp-content\/uploads\/2026\/01\/andalucia-3-1536x864.jpg 1536w\" sizes=\"(max-width: 1920px) 100vw, 1920px\" \/>\t\t\t\t\t\t\t\t\t\t\t\t\t\t\t<\/div>\n\t\t\t\t\t<\/div>\n\t\t\t\t<\/div>\n\t\t<div class=\"elementor-element elementor-element-326ea95 e-flex e-con-boxed e-con e-parent\" data-id=\"326ea95\" data-element_type=\"container\" data-e-type=\"container\">\n\t\t\t\t\t<div class=\"e-con-inner\">\n\t\t<div class=\"elementor-element elementor-element-3fcae16 e-con-full e-flex e-con e-child\" data-id=\"3fcae16\" data-element_type=\"container\" data-e-type=\"container\">\n\t\t\t\t<div class=\"elementor-element elementor-element-d626f78 elementor-invisible elementor-widget elementor-widget-heading\" data-id=\"d626f78\" data-element_type=\"widget\" data-e-type=\"widget\" data-settings=\"{&quot;_animation&quot;:&quot;slideInLeft&quot;}\" data-widget_type=\"heading.default\">\n\t\t\t\t\t<h1 class=\"elementor-heading-title elementor-size-default\">Qu\u2019est-ce que la Selectividad ?<\/h1>\t\t\t\t<\/div>\n\t\t\t\t<\/div>\n\t\t<div class=\"elementor-element elementor-element-3dfa9c6 e-con-full e-flex e-con e-child\" data-id=\"3dfa9c6\" data-element_type=\"container\" data-e-type=\"container\">\n\t\t\t\t<div class=\"elementor-element elementor-element-bafea10 elementor-invisible elementor-widget elementor-widget-text-editor\" data-id=\"bafea10\" data-element_type=\"widget\" data-e-type=\"widget\" data-settings=\"{&quot;_animation&quot;:&quot;slideInRight&quot;}\" data-widget_type=\"text-editor.default\">\n\t\t\t\t\t\t\t\t\t<p>La Selectividad, \u00e9galement appel\u00e9e <strong>PCE (Pruebas de Competencias Espec\u00edficas)<\/strong>, est un examen officiel organis\u00e9 par l\u2019UNED permettant aux \u00e9tudiants \u00e9trangers d\u2019acc\u00e9der aux universit\u00e9s espagnoles.<br \/>Elle \u00e9value les connaissances acquises au lyc\u00e9e \u00e0 travers diff\u00e9rentes mati\u00e8res, selon la fili\u00e8re choisie : scientifique, \u00e9conomique, litt\u00e9raire, entre autres.<\/p>\t\t\t\t\t\t\t\t<\/div>\n\t\t\t\t<\/div>\n\t\t\t\t\t<\/div>\n\t\t\t\t<\/div>\n\t\t<div class=\"elementor-element elementor-element-d9fbaeb e-flex e-con-boxed e-con e-parent\" data-id=\"d9fbaeb\" data-element_type=\"container\" data-e-type=\"container\">\n\t\t\t\t\t<div class=\"e-con-inner\">\n\t\t<div class=\"elementor-element elementor-element-a5d57ed e-con-full e-flex e-con e-child\" data-id=\"a5d57ed\" data-element_type=\"container\" data-e-type=\"container\">\n\t\t\t\t<div class=\"elementor-element elementor-element-b315c39 elementor-invisible elementor-widget elementor-widget-image\" data-id=\"b315c39\" data-element_type=\"widget\" data-e-type=\"widget\" data-settings=\"{&quot;_animation&quot;:&quot;slideInLeft&quot;}\" data-widget_type=\"image.default\">\n\t\t\t\t\t\t\t\t\t\t\t\t\t\t\t<img decoding=\"async\" width=\"500\" height=\"500\" src=\"https:\/\/andaluciapce.com\/wp-content\/uploads\/2026\/01\/1.jpg\" class=\"attachment-large size-large wp-image-3972\" alt=\"\" srcset=\"https:\/\/andaluciapce.com\/wp-content\/uploads\/2026\/01\/1.jpg 500w, https:\/\/andaluciapce.com\/wp-content\/uploads\/2026\/01\/1-300x300.jpg 300w, https:\/\/andaluciapce.com\/wp-content\/uploads\/2026\/01\/1-150x150.jpg 150w\" sizes=\"(max-width: 500px) 100vw, 500px\" \/>\t\t\t\t\t\t\t\t\t\t\t\t\t\t\t<\/div>\n\t\t\t\t<\/div>\n\t\t<div class=\"elementor-element elementor-element-68ba562 e-con-full e-flex e-con e-child\" data-id=\"68ba562\" data-element_type=\"container\" data-e-type=\"container\">\n\t\t\t\t<div class=\"elementor-element elementor-element-7e79da6 elementor-widget__width-initial elementor-invisible elementor-widget elementor-widget-image\" data-id=\"7e79da6\" data-element_type=\"widget\" data-e-type=\"widget\" data-settings=\"{&quot;_animation&quot;:&quot;fadeInUp&quot;}\" data-widget_type=\"image.default\">\n\t\t\t\t\t\t\t\t\t\t\t\t\t\t\t<img decoding=\"async\" width=\"500\" height=\"500\" src=\"https:\/\/andaluciapce.com\/wp-content\/uploads\/2026\/01\/2.jpg\" class=\"attachment-large size-large wp-image-3973\" alt=\"\" srcset=\"https:\/\/andaluciapce.com\/wp-content\/uploads\/2026\/01\/2.jpg 500w, https:\/\/andaluciapce.com\/wp-content\/uploads\/2026\/01\/2-300x300.jpg 300w, https:\/\/andaluciapce.com\/wp-content\/uploads\/2026\/01\/2-150x150.jpg 150w\" sizes=\"(max-width: 500px) 100vw, 500px\" \/>\t\t\t\t\t\t\t\t\t\t\t\t\t\t\t<\/div>\n\t\t\t\t<\/div>\n\t\t<div class=\"elementor-element elementor-element-6a86374 e-con-full e-flex e-con e-child\" data-id=\"6a86374\" data-element_type=\"container\" data-e-type=\"container\">\n\t\t\t\t<div class=\"elementor-element elementor-element-1b1f2ea elementor-invisible elementor-widget elementor-widget-image\" data-id=\"1b1f2ea\" data-element_type=\"widget\" data-e-type=\"widget\" data-settings=\"{&quot;_animation&quot;:&quot;slideInRight&quot;}\" data-widget_type=\"image.default\">\n\t\t\t\t\t\t\t\t\t\t\t\t\t\t\t<img loading=\"lazy\" decoding=\"async\" width=\"500\" height=\"500\" src=\"https:\/\/andaluciapce.com\/wp-content\/uploads\/2026\/01\/Inscription-dans-les-etablissements-Soumission-des-dossiers-aupres-des-universites-et-des-ecoles-selectionnees.-Suivi-actif-des-candidatures-et-relances-administratives.-8.jpg\" class=\"attachment-large size-large wp-image-3974\" alt=\"\" srcset=\"https:\/\/andaluciapce.com\/wp-content\/uploads\/2026\/01\/Inscription-dans-les-etablissements-Soumission-des-dossiers-aupres-des-universites-et-des-ecoles-selectionnees.-Suivi-actif-des-candidatures-et-relances-administratives.-8.jpg 500w, https:\/\/andaluciapce.com\/wp-content\/uploads\/2026\/01\/Inscription-dans-les-etablissements-Soumission-des-dossiers-aupres-des-universites-et-des-ecoles-selectionnees.-Suivi-actif-des-candidatures-et-relances-administratives.-8-300x300.jpg 300w, https:\/\/andaluciapce.com\/wp-content\/uploads\/2026\/01\/Inscription-dans-les-etablissements-Soumission-des-dossiers-aupres-des-universites-et-des-ecoles-selectionnees.-Suivi-actif-des-candidatures-et-relances-administratives.-8-150x150.jpg 150w\" sizes=\"(max-width: 500px) 100vw, 500px\" \/>\t\t\t\t\t\t\t\t\t\t\t\t\t\t\t<\/div>\n\t\t\t\t<\/div>\n\t\t\t\t\t<\/div>\n\t\t\t\t<\/div>\n\t\t<div class=\"elementor-element elementor-element-a4323a9 e-flex e-con-boxed e-con e-parent\" data-id=\"a4323a9\" data-element_type=\"container\" data-e-type=\"container\">\n\t\t\t\t\t<div class=\"e-con-inner\">\n\t\t<div class=\"elementor-element elementor-element-f1f8152 e-con-full e-flex e-con e-child\" data-id=\"f1f8152\" data-element_type=\"container\" data-e-type=\"container\">\n\t\t\t\t<div class=\"elementor-element elementor-element-a6b8897 elementor-widget elementor-widget-heading\" data-id=\"a6b8897\" data-element_type=\"widget\" data-e-type=\"widget\" data-widget_type=\"heading.default\">\n\t\t\t\t\t<h1 class=\"elementor-heading-title elementor-size-default\">Pourquoi pr\u00e9parer la Selectividad au Maroc ?\u200b<\/h1>\t\t\t\t<\/div>\n\t\t\t\t<\/div>\n\t\t<div class=\"elementor-element elementor-element-4456ec2 e-con-full e-flex e-con e-child\" data-id=\"4456ec2\" data-element_type=\"container\" data-e-type=\"container\">\n\t\t\t\t<div class=\"elementor-element elementor-element-87f7f9e elementor-widget elementor-widget-text-editor\" data-id=\"87f7f9e\" data-element_type=\"widget\" data-e-type=\"widget\" data-widget_type=\"text-editor.default\">\n\t\t\t\t\t\t\t\t\t<p>Chaque ann\u00e9e, un nombre croissant d\u2019\u00e9tudiants internationaux \u2014 fran\u00e7ais, britanniques, titulaires d\u2019un baccalaur\u00e9at international, canadiens, marocains et bien d\u2019autres \u2014 choisissent l\u2019Espagne pour leurs \u00e9tudes sup\u00e9rieures. Cette attractivit\u00e9 repose sur la qualit\u00e9 reconnue de ses universit\u00e9s, la richesse de son environnement culturel, sa proximit\u00e9 g\u00e9ographique avec de nombreux pays et la reconnaissance internationale de ses dipl\u00f4mes, valoris\u00e9s aussi bien en Europe qu\u2019\u00e0 l\u2019\u00e9chelle mondiale.<\/p>\t\t\t\t\t\t\t\t<\/div>\n\t\t\t\t<\/div>\n\t\t\t\t\t<\/div>\n\t\t\t\t<\/div>\n\t\t<div class=\"elementor-element elementor-element-efd6949 e-con-full e-flex e-con e-parent\" data-id=\"efd6949\" data-element_type=\"container\" data-e-type=\"container\">\n\t\t\t\t<div class=\"elementor-element elementor-element-38499ce elementor-widget__width-initial elementor-invisible elementor-widget elementor-widget-image\" data-id=\"38499ce\" data-element_type=\"widget\" data-e-type=\"widget\" data-settings=\"{&quot;_animation&quot;:&quot;slideInDown&quot;}\" data-widget_type=\"image.default\">\n\t\t\t\t\t\t\t\t\t\t\t\t\t\t\t<img loading=\"lazy\" decoding=\"async\" width=\"940\" height=\"348\" src=\"https:\/\/andaluciapce.com\/wp-content\/uploads\/2026\/01\/Ajouter-un-titre-7.jpg\" class=\"attachment-large size-large wp-image-4051\" alt=\"\" srcset=\"https:\/\/andaluciapce.com\/wp-content\/uploads\/2026\/01\/Ajouter-un-titre-7.jpg 940w, https:\/\/andaluciapce.com\/wp-content\/uploads\/2026\/01\/Ajouter-un-titre-7-300x111.jpg 300w, https:\/\/andaluciapce.com\/wp-content\/uploads\/2026\/01\/Ajouter-un-titre-7-768x284.jpg 768w\" sizes=\"(max-width: 940px) 100vw, 940px\" \/>\t\t\t\t\t\t\t\t\t\t\t\t\t\t\t<\/div>\n\t\t\t\t<\/div>\n\t\t<div class=\"elementor-element elementor-element-4d6c570 e-flex e-con-boxed e-con e-parent\" data-id=\"4d6c570\" data-element_type=\"container\" data-e-type=\"container\">\n\t\t\t\t\t<div class=\"e-con-inner\">\n\t\t\t\t<div class=\"elementor-element elementor-element-bf48e04 elementor-widget elementor-widget-text-editor\" data-id=\"bf48e04\" data-element_type=\"widget\" data-e-type=\"widget\" data-widget_type=\"text-editor.default\">\n\t\t\t\t\t\t\t\t\t<h1>Pr\u00e9parer la Selectividad \u00e0 <strong>Andalucia PCE<\/strong>, c\u2019est \u00e9tudier dans un\u00a0 environnement<\/h1><h1>p\u00e9dagogique adapt\u00e9, avec un encadrement espagnol et marocain,<\/h1><h1>tout en se pr\u00e9parant efficacement sans quitter son pays.<\/h1>\t\t\t\t\t\t\t\t<\/div>\n\t\t\t\t\t<\/div>\n\t\t\t\t<\/div>\n\t\t<div class=\"elementor-element elementor-element-d5cb98f e-flex e-con-boxed e-con e-parent\" data-id=\"d5cb98f\" data-element_type=\"container\" data-e-type=\"container\">\n\t\t\t\t\t<div class=\"e-con-inner\">\n\t\t\t\t<div class=\"elementor-element elementor-element-6b079fe elementor-invisible elementor-widget elementor-widget-heading\" data-id=\"6b079fe\" data-element_type=\"widget\" data-e-type=\"widget\" data-settings=\"{&quot;_animation&quot;:&quot;slideInLeft&quot;}\" data-widget_type=\"heading.default\">\n\t\t\t\t\t<h2 class=\"elementor-heading-title elementor-size-default\">Comment se d\u00e9roule l\u2019examen Selectividad ?<\/h2>\t\t\t\t<\/div>\n\t\t\t\t\t<\/div>\n\t\t\t\t<\/div>\n\t\t<div class=\"elementor-element elementor-element-24aba21 e-flex e-con-boxed e-con e-parent\" data-id=\"24aba21\" data-element_type=\"container\" data-e-type=\"container\">\n\t\t\t\t\t<div class=\"e-con-inner\">\n\t\t\t\t<div class=\"elementor-element elementor-element-ebaf2c1 elementor-invisible elementor-widget elementor-widget-text-editor\" data-id=\"ebaf2c1\" data-element_type=\"widget\" data-e-type=\"widget\" data-settings=\"{&quot;_animation&quot;:&quot;slideInRight&quot;}\" data-widget_type=\"text-editor.default\">\n\t\t\t\t\t\t\t\t\t<p>L\u2019examen de la Selectividad se compose d\u2019\u00e9preuves que l\u2019\u00e9tudiant choisit librement en fonction de sa fili\u00e8re \u2014 litt\u00e9raire, scientifique, \u00e9conomique, ou autre.<\/p><p>Cette grande flexibilit\u00e9 constitue l\u2019un des atouts majeurs du syst\u00e8me espagnol : l\u2019\u00e2ge de l\u2019\u00e9tudiant et l\u2019ann\u00e9e d\u2019obtention du baccalaur\u00e9at ne sont absolument pas pris en consid\u00e9ration.<\/p><p>Ainsi, chacun peut Pr\u00e9parer la Selectividad au moment qui lui convient, avec les mati\u00e8res les mieux adapt\u00e9es \u00e0 son parcours et \u00e0 son projet universitaire.<\/p>\t\t\t\t\t\t\t\t<\/div>\n\t\t\t\t\t<\/div>\n\t\t\t\t<\/div>\n\t\t<div class=\"elementor-element elementor-element-0512734 e-flex e-con-boxed e-con e-parent\" data-id=\"0512734\" data-element_type=\"container\" data-e-type=\"container\">\n\t\t\t\t\t<div class=\"e-con-inner\">\n\t\t\t\t<div class=\"elementor-element elementor-element-f869c65 elementor-invisible elementor-widget elementor-widget-heading\" data-id=\"f869c65\" data-element_type=\"widget\" data-e-type=\"widget\" data-settings=\"{&quot;_animation&quot;:&quot;slideInLeft&quot;}\" data-widget_type=\"heading.default\">\n\t\t\t\t\t<h2 class=\"elementor-heading-title elementor-size-default\">Notre programme de pr\u00e9paration \u00e0 la Selectividad<\/h2>\t\t\t\t<\/div>\n\t\t\t\t\t<\/div>\n\t\t\t\t<\/div>\n\t\t<div class=\"elementor-element elementor-element-e8a4f1a e-flex e-con-boxed e-con e-parent\" data-id=\"e8a4f1a\" data-element_type=\"container\" data-e-type=\"container\">\n\t\t\t\t\t<div class=\"e-con-inner\">\n\t\t<div class=\"elementor-element elementor-element-343f7f8 e-con-full e-flex e-con e-child\" data-id=\"343f7f8\" data-element_type=\"container\" data-e-type=\"container\">\n\t\t\t\t<div class=\"elementor-element elementor-element-8a83627 elementor-mobile-align-left elementor-invisible elementor-widget elementor-widget-button\" data-id=\"8a83627\" data-element_type=\"widget\" data-e-type=\"widget\" data-settings=\"{&quot;_animation&quot;:&quot;slideInLeft&quot;}\" data-widget_type=\"button.default\">\n\t\t\t\t\t\t\t\t\t\t<a class=\"elementor-button elementor-button-link elementor-size-sm\" href=\"https:\/\/andaluciapce.com\/index.php\/inscription\/\">\n\t\t\t\t\t\t<span class=\"elementor-button-content-wrapper\">\n\t\t\t\t\t\t\t\t\t<span class=\"elementor-button-text\">Je m'inscris maintenant<\/span>\n\t\t\t\t\t<\/span>\n\t\t\t\t\t<\/a>\n\t\t\t\t\t\t\t\t<\/div>\n\t\t\t\t<\/div>\n\t\t<div class=\"elementor-element elementor-element-64b9657 e-con-full e-flex e-con e-child\" data-id=\"64b9657\" data-element_type=\"container\" data-e-type=\"container\">\n\t\t\t\t<\/div>\n\t\t\t\t\t<\/div>\n\t\t\t\t<\/div>\n\t\t<div class=\"elementor-element elementor-element-eaf4b33 e-flex e-con-boxed e-con e-parent\" data-id=\"eaf4b33\" data-element_type=\"container\" data-e-type=\"container\">\n\t\t\t\t\t<div class=\"e-con-inner\">\n\t\t<div class=\"elementor-element elementor-element-7cfc865 e-con-full e-flex e-con e-child\" data-id=\"7cfc865\" data-element_type=\"container\" data-e-type=\"container\">\n\t\t\t\t<div class=\"elementor-element elementor-element-49fb45d elementor-invisible elementor-widget elementor-widget-image\" data-id=\"49fb45d\" data-element_type=\"widget\" data-e-type=\"widget\" data-settings=\"{&quot;_animation&quot;:&quot;fadeInDown&quot;}\" data-widget_type=\"image.default\">\n\t\t\t\t\t\t\t\t\t\t\t\t\t\t\t<img loading=\"lazy\" decoding=\"async\" width=\"500\" height=\"500\" src=\"https:\/\/andaluciapce.com\/wp-content\/uploads\/2026\/02\/8.jpg\" class=\"attachment-large size-large wp-image-4739\" alt=\"\" srcset=\"https:\/\/andaluciapce.com\/wp-content\/uploads\/2026\/02\/8.jpg 500w, https:\/\/andaluciapce.com\/wp-content\/uploads\/2026\/02\/8-300x300.jpg 300w, https:\/\/andaluciapce.com\/wp-content\/uploads\/2026\/02\/8-150x150.jpg 150w\" sizes=\"(max-width: 500px) 100vw, 500px\" \/>\t\t\t\t\t\t\t\t\t\t\t\t\t\t\t<\/div>\n\t\t\t\t<\/div>\n\t\t<div class=\"elementor-element elementor-element-5c974c6 e-con-full e-flex e-con e-child\" data-id=\"5c974c6\" data-element_type=\"container\" data-e-type=\"container\">\n\t\t\t\t<div class=\"elementor-element elementor-element-97b76ca elementor-invisible elementor-widget elementor-widget-image\" data-id=\"97b76ca\" data-element_type=\"widget\" data-e-type=\"widget\" data-settings=\"{&quot;_animation&quot;:&quot;fadeInDown&quot;}\" data-widget_type=\"image.default\">\n\t\t\t\t\t\t\t\t\t\t\t\t\t\t\t<img loading=\"lazy\" decoding=\"async\" width=\"500\" height=\"500\" src=\"https:\/\/andaluciapce.com\/wp-content\/uploads\/2026\/02\/9.jpg\" class=\"attachment-large size-large wp-image-4740\" alt=\"\" srcset=\"https:\/\/andaluciapce.com\/wp-content\/uploads\/2026\/02\/9.jpg 500w, https:\/\/andaluciapce.com\/wp-content\/uploads\/2026\/02\/9-300x300.jpg 300w, https:\/\/andaluciapce.com\/wp-content\/uploads\/2026\/02\/9-150x150.jpg 150w\" sizes=\"(max-width: 500px) 100vw, 500px\" \/>\t\t\t\t\t\t\t\t\t\t\t\t\t\t\t<\/div>\n\t\t\t\t<\/div>\n\t\t<div class=\"elementor-element elementor-element-3549c34 e-con-full e-flex e-con e-child\" data-id=\"3549c34\" data-element_type=\"container\" data-e-type=\"container\">\n\t\t\t\t<div class=\"elementor-element elementor-element-bcf186c elementor-invisible elementor-widget elementor-widget-image\" data-id=\"bcf186c\" data-element_type=\"widget\" data-e-type=\"widget\" data-settings=\"{&quot;_animation&quot;:&quot;fadeInDown&quot;}\" data-widget_type=\"image.default\">\n\t\t\t\t\t\t\t\t\t\t\t\t\t\t\t<img loading=\"lazy\" decoding=\"async\" width=\"500\" height=\"500\" src=\"https:\/\/andaluciapce.com\/wp-content\/uploads\/2026\/02\/10.jpg\" class=\"attachment-large size-large wp-image-4741\" alt=\"\" srcset=\"https:\/\/andaluciapce.com\/wp-content\/uploads\/2026\/02\/10.jpg 500w, https:\/\/andaluciapce.com\/wp-content\/uploads\/2026\/02\/10-300x300.jpg 300w, https:\/\/andaluciapce.com\/wp-content\/uploads\/2026\/02\/10-150x150.jpg 150w\" sizes=\"(max-width: 500px) 100vw, 500px\" \/>\t\t\t\t\t\t\t\t\t\t\t\t\t\t\t<\/div>\n\t\t\t\t<\/div>\n\t\t<div class=\"elementor-element elementor-element-3251a4b e-con-full e-flex e-con e-child\" data-id=\"3251a4b\" data-element_type=\"container\" data-e-type=\"container\">\n\t\t\t\t<div class=\"elementor-element elementor-element-64c29f3 elementor-invisible elementor-widget elementor-widget-image\" data-id=\"64c29f3\" data-element_type=\"widget\" data-e-type=\"widget\" data-settings=\"{&quot;_animation&quot;:&quot;fadeInLeft&quot;}\" data-widget_type=\"image.default\">\n\t\t\t\t\t\t\t\t\t\t\t\t\t\t\t<img loading=\"lazy\" decoding=\"async\" width=\"500\" height=\"500\" src=\"https:\/\/andaluciapce.com\/wp-content\/uploads\/2026\/02\/Inscription-dans-les-etablissements-Soumission-des-dossiers-aupres-des-universites-et-des-ecoles-selectionnees.-Suivi-actif-des-candidatures-et-relances-administratives.-10.jpg\" class=\"attachment-large size-large wp-image-4742\" alt=\"\" srcset=\"https:\/\/andaluciapce.com\/wp-content\/uploads\/2026\/02\/Inscription-dans-les-etablissements-Soumission-des-dossiers-aupres-des-universites-et-des-ecoles-selectionnees.-Suivi-actif-des-candidatures-et-relances-administratives.-10.jpg 500w, https:\/\/andaluciapce.com\/wp-content\/uploads\/2026\/02\/Inscription-dans-les-etablissements-Soumission-des-dossiers-aupres-des-universites-et-des-ecoles-selectionnees.-Suivi-actif-des-candidatures-et-relances-administratives.-10-300x300.jpg 300w, https:\/\/andaluciapce.com\/wp-content\/uploads\/2026\/02\/Inscription-dans-les-etablissements-Soumission-des-dossiers-aupres-des-universites-et-des-ecoles-selectionnees.-Suivi-actif-des-candidatures-et-relances-administratives.-10-150x150.jpg 150w\" sizes=\"(max-width: 500px) 100vw, 500px\" \/>\t\t\t\t\t\t\t\t\t\t\t\t\t\t\t<\/div>\n\t\t\t\t<\/div>\n\t\t<div class=\"elementor-element elementor-element-2b794a5 e-con-full e-flex e-con e-child\" data-id=\"2b794a5\" data-element_type=\"container\" data-e-type=\"container\">\n\t\t\t\t<div class=\"elementor-element elementor-element-513db6e elementor-invisible elementor-widget elementor-widget-image\" data-id=\"513db6e\" data-element_type=\"widget\" data-e-type=\"widget\" data-settings=\"{&quot;_animation&quot;:&quot;fadeInRight&quot;}\" data-widget_type=\"image.default\">\n\t\t\t\t\t\t\t\t\t\t\t\t\t\t\t<img loading=\"lazy\" decoding=\"async\" width=\"768\" height=\"320\" src=\"https:\/\/andaluciapce.com\/wp-content\/uploads\/2026\/02\/eleves-en-evaluation-de-preparation-au-bac-1-768x320.webp\" class=\"attachment-medium_large size-medium_large wp-image-4747\" alt=\"\" srcset=\"https:\/\/andaluciapce.com\/wp-content\/uploads\/2026\/02\/eleves-en-evaluation-de-preparation-au-bac-1-768x320.webp 768w, https:\/\/andaluciapce.com\/wp-content\/uploads\/2026\/02\/eleves-en-evaluation-de-preparation-au-bac-1-300x125.webp 300w, https:\/\/andaluciapce.com\/wp-content\/uploads\/2026\/02\/eleves-en-evaluation-de-preparation-au-bac-1-1024x427.webp 1024w, https:\/\/andaluciapce.com\/wp-content\/uploads\/2026\/02\/eleves-en-evaluation-de-preparation-au-bac-1.webp 1200w\" sizes=\"(max-width: 768px) 100vw, 768px\" \/>\t\t\t\t\t\t\t\t\t\t\t\t\t\t\t<\/div>\n\t\t\t\t<\/div>\n\t\t\t\t\t<\/div>\n\t\t\t\t<\/div>\n\t\t<div class=\"elementor-element elementor-element-c4434ee e-flex e-con-boxed e-con e-parent\" data-id=\"c4434ee\" data-element_type=\"container\" data-e-type=\"container\">\n\t\t\t\t\t<div class=\"e-con-inner\">\n\t\t<div class=\"elementor-element elementor-element-db1550e e-con-full e-flex e-con e-child\" data-id=\"db1550e\" data-element_type=\"container\" data-e-type=\"container\">\n\t\t\t\t<\/div>\n\t\t<div class=\"elementor-element elementor-element-e0a4f95 e-con-full e-flex e-con e-child\" data-id=\"e0a4f95\" data-element_type=\"container\" data-e-type=\"container\">\n\t\t\t\t<div class=\"elementor-element elementor-element-45a648a elementor-invisible elementor-widget elementor-widget-button\" data-id=\"45a648a\" data-element_type=\"widget\" data-e-type=\"widget\" data-settings=\"{&quot;_animation&quot;:&quot;fadeInRight&quot;}\" data-widget_type=\"button.default\">\n\t\t\t\t\t\t\t\t\t\t<a class=\"elementor-button elementor-button-link elementor-size-sm\" href=\"https:\/\/andaluciapce.com\/index.php\/inscription\/\">\n\t\t\t\t\t\t<span class=\"elementor-button-content-wrapper\">\n\t\t\t\t\t\t\t\t\t<span class=\"elementor-button-text\">je veux minscrire<\/span>\n\t\t\t\t\t<\/span>\n\t\t\t\t\t<\/a>\n\t\t\t\t\t\t\t\t<\/div>\n\t\t\t\t<\/div>\n\t\t\t\t\t<\/div>\n\t\t\t\t<\/div>\n\t\t\t\t<\/div>\n\t\t","protected":false},"excerpt":{"rendered":"<p>Qu\u2019est-ce que la Selectividad ? La Selectividad, \u00e9galement appel\u00e9e PCE (Pruebas de Competencias Espec\u00edficas), est un examen officiel organis\u00e9 par l\u2019UNED permettant aux \u00e9tudiants \u00e9trangers d\u2019acc\u00e9der aux universit\u00e9s espagnoles.Elle \u00e9value les connaissances acquises au lyc\u00e9e \u00e0 travers diff\u00e9rentes mati\u00e8res, selon la fili\u00e8re choisie : scientifique, \u00e9conomique, litt\u00e9raire, entre autres. Pourquoi pr\u00e9parer la Selectividad au Maroc [&hellip;]<\/p>\n","protected":false},"author":1,"featured_media":0,"parent":0,"menu_order":0,"comment_status":"closed","ping_status":"closed","template":"elementor_canvas","meta":{"footnotes":""},"class_list":["post-2637","page","type-page","status-publish","hentry"],"_links":{"self":[{"href":"https:\/\/andaluciapce.com\/index.php\/wp-json\/wp\/v2\/pages\/2637","targetHints":{"allow":["GET"]}}],"collection":[{"href":"https:\/\/andaluciapce.com\/index.php\/wp-json\/wp\/v2\/pages"}],"about":[{"href":"https:\/\/andaluciapce.com\/index.php\/wp-json\/wp\/v2\/types\/page"}],"author":[{"embeddable":true,"href":"https:\/\/andaluciapce.com\/index.php\/wp-json\/wp\/v2\/users\/1"}],"replies":[{"embeddable":true,"href":"https:\/\/andaluciapce.com\/index.php\/wp-json\/wp\/v2\/comments?post=2637"}],"version-history":[{"count":269,"href":"https:\/\/andaluciapce.com\/index.php\/wp-json\/wp\/v2\/pages\/2637\/revisions"}],"predecessor-version":[{"id":5036,"href":"https:\/\/andaluciapce.com\/index.php\/wp-json\/wp\/v2\/pages\/2637\/revisions\/5036"}],"wp:attachment":[{"href":"https:\/\/andaluciapce.com\/index.php\/wp-json\/wp\/v2\/media?parent=2637"}],"curies":[{"name":"wp","href":"https:\/\/api.w.org\/{rel}","templated":true}]}}