{"id":4135,"date":"2026-01-31T09:24:06","date_gmt":"2026-01-31T09:24:06","guid":{"rendered":"https:\/\/andaluciapce.com\/?page_id=4135"},"modified":"2026-02-26T22:23:47","modified_gmt":"2026-02-26T22:23:47","slug":"preparation-selectividad-copy","status":"publish","type":"page","link":"https:\/\/andaluciapce.com\/index.php\/preparation-selectividad-copy\/","title":{"rendered":"Etudier-en-Espagne"},"content":{"rendered":"\t\t<div data-elementor-type=\"wp-page\" data-elementor-id=\"4135\" class=\"elementor elementor-4135\">\n\t\t\t\t<div class=\"elementor-element elementor-element-12627d2 e-flex e-con-boxed e-con e-parent\" data-id=\"12627d2\" data-element_type=\"container\" data-e-type=\"container\">\n\t\t\t\t\t<div class=\"e-con-inner\">\n\t\t\t\t<div class=\"elementor-element elementor-element-519ee9d elementor-invisible elementor-widget elementor-widget-image\" data-id=\"519ee9d\" data-element_type=\"widget\" data-e-type=\"widget\" data-settings=\"{&quot;_animation&quot;:&quot;slideInUp&quot;}\" data-widget_type=\"image.default\">\n\t\t\t\t\t\t\t\t\t\t\t\t\t\t\t<img fetchpriority=\"high\" decoding=\"async\" width=\"1920\" height=\"1080\" src=\"https:\/\/andaluciapce.com\/wp-content\/uploads\/2026\/02\/andalucia-4.jpg\" class=\"attachment-2048x2048 size-2048x2048 wp-image-4266\" alt=\"\" srcset=\"https:\/\/andaluciapce.com\/wp-content\/uploads\/2026\/02\/andalucia-4.jpg 1920w, https:\/\/andaluciapce.com\/wp-content\/uploads\/2026\/02\/andalucia-4-300x169.jpg 300w, https:\/\/andaluciapce.com\/wp-content\/uploads\/2026\/02\/andalucia-4-1024x576.jpg 1024w, https:\/\/andaluciapce.com\/wp-content\/uploads\/2026\/02\/andalucia-4-768x432.jpg 768w, https:\/\/andaluciapce.com\/wp-content\/uploads\/2026\/02\/andalucia-4-1536x864.jpg 1536w\" sizes=\"(max-width: 1920px) 100vw, 1920px\" \/>\t\t\t\t\t\t\t\t\t\t\t\t\t\t\t<\/div>\n\t\t\t\t\t<\/div>\n\t\t\t\t<\/div>\n\t\t<div class=\"elementor-element elementor-element-4d6c570 e-flex e-con-boxed e-con e-parent\" data-id=\"4d6c570\" data-element_type=\"container\" data-e-type=\"container\">\n\t\t\t\t\t<div class=\"e-con-inner\">\n\t\t\t\t<div class=\"elementor-element elementor-element-bf48e04 elementor-widget elementor-widget-text-editor\" data-id=\"bf48e04\" data-element_type=\"widget\" data-e-type=\"widget\" data-widget_type=\"text-editor.default\">\n\t\t\t\t\t\t\t\t\t<h1>Pr\u00e9parer la Selectividad \u00e0 <strong>Andalucia PCE<\/strong>, c\u2019est \u00e9tudier dans un\u00a0 environnement<\/h1><h1>p\u00e9dagogique adapt\u00e9, avec un encadrement espagnol et marocain,<\/h1><h1>tout en se pr\u00e9parant efficacement sans quitter son pays.<\/h1>\t\t\t\t\t\t\t\t<\/div>\n\t\t\t\t\t<\/div>\n\t\t\t\t<\/div>\n\t\t<div class=\"elementor-element elementor-element-d5cb98f e-flex e-con-boxed e-con e-parent\" data-id=\"d5cb98f\" data-element_type=\"container\" data-e-type=\"container\">\n\t\t\t\t\t<div class=\"e-con-inner\">\n\t\t\t\t<div class=\"elementor-element elementor-element-6b079fe elementor-invisible elementor-widget elementor-widget-heading\" data-id=\"6b079fe\" data-element_type=\"widget\" data-e-type=\"widget\" data-settings=\"{&quot;_animation&quot;:&quot;slideInLeft&quot;}\" data-widget_type=\"heading.default\">\n\t\t\t\t\t<h2 class=\"elementor-heading-title elementor-size-default\">Comment se d\u00e9roule l\u2019examen Selectividad ?<\/h2>\t\t\t\t<\/div>\n\t\t\t\t\t<\/div>\n\t\t\t\t<\/div>\n\t\t<div class=\"elementor-element elementor-element-24aba21 e-flex e-con-boxed e-con e-parent\" data-id=\"24aba21\" data-element_type=\"container\" data-e-type=\"container\">\n\t\t\t\t\t<div class=\"e-con-inner\">\n\t\t\t\t<div class=\"elementor-element elementor-element-ebaf2c1 elementor-invisible elementor-widget elementor-widget-text-editor\" data-id=\"ebaf2c1\" data-element_type=\"widget\" data-e-type=\"widget\" data-settings=\"{&quot;_animation&quot;:&quot;slideInRight&quot;}\" data-widget_type=\"text-editor.default\">\n\t\t\t\t\t\t\t\t\t<p>L\u2019examen de la Selectividad se compose d\u2019\u00e9preuves que l\u2019\u00e9tudiant choisit librement en fonction de sa fili\u00e8re \u2014 litt\u00e9raire, scientifique, \u00e9conomique, ou autre.<\/p><p>Cette grande flexibilit\u00e9 constitue l\u2019un des atouts majeurs du syst\u00e8me espagnol : l\u2019\u00e2ge de l\u2019\u00e9tudiant et l\u2019ann\u00e9e d\u2019obtention du baccalaur\u00e9at ne sont absolument pas pris en consid\u00e9ration.<\/p><p>Ainsi, chacun peut Pr\u00e9parer la Selectividad au moment qui lui convient, avec les mati\u00e8res les mieux adapt\u00e9es \u00e0 son parcours et \u00e0 son projet universitaire.<\/p>\t\t\t\t\t\t\t\t<\/div>\n\t\t\t\t\t<\/div>\n\t\t\t\t<\/div>\n\t\t<div class=\"elementor-element elementor-element-0512734 e-flex e-con-boxed e-con e-parent\" data-id=\"0512734\" data-element_type=\"container\" data-e-type=\"container\">\n\t\t\t\t\t<div class=\"e-con-inner\">\n\t\t\t\t<div class=\"elementor-element elementor-element-f869c65 elementor-invisible elementor-widget elementor-widget-heading\" data-id=\"f869c65\" data-element_type=\"widget\" data-e-type=\"widget\" data-settings=\"{&quot;_animation&quot;:&quot;slideInLeft&quot;}\" data-widget_type=\"heading.default\">\n\t\t\t\t\t<h2 class=\"elementor-heading-title elementor-size-default\">Notre programme de pr\u00e9paration \u00e0 la Selectividad<\/h2>\t\t\t\t<\/div>\n\t\t\t\t\t<\/div>\n\t\t\t\t<\/div>\n\t\t<div class=\"elementor-element elementor-element-0af7379 e-flex e-con-boxed e-con e-parent\" data-id=\"0af7379\" data-element_type=\"container\" data-e-type=\"container\">\n\t\t\t\t\t<div class=\"e-con-inner\">\n\t\t<div class=\"elementor-element elementor-element-00efd8c e-con-full e-flex e-con e-child\" data-id=\"00efd8c\" data-element_type=\"container\" data-e-type=\"container\">\n\t\t\t\t<div class=\"elementor-element elementor-element-00dd930 elementor-invisible elementor-widget elementor-widget-heading\" data-id=\"00dd930\" data-element_type=\"widget\" data-e-type=\"widget\" data-settings=\"{&quot;_animation&quot;:&quot;slideInLeft&quot;}\" data-widget_type=\"heading.default\">\n\t\t\t\t\t<h1 class=\"elementor-heading-title elementor-size-default\">Pourquoi \u00e9tudier en Espagne ?<\/h1>\t\t\t\t<\/div>\n\t\t\t\t<\/div>\n\t\t<div class=\"elementor-element elementor-element-e54f79d e-con-full e-flex e-con e-child\" data-id=\"e54f79d\" data-element_type=\"container\" data-e-type=\"container\">\n\t\t\t\t<div class=\"elementor-element elementor-element-966d8cf elementor-invisible elementor-widget elementor-widget-text-editor\" data-id=\"966d8cf\" data-element_type=\"widget\" data-e-type=\"widget\" data-settings=\"{&quot;_animation&quot;:&quot;slideInRight&quot;}\" data-widget_type=\"text-editor.default\">\n\t\t\t\t\t\t\t\t\t<p>\u00c9tudier en Espagne pour les marocains est une option de plus en plus consid\u00e9r\u00e9e. Gr\u00e2ce \u00e0 la qualit\u00e9 de l\u2019enseignement en Espagne, de ses dipl\u00f4mes reconnus et sa proximit\u00e9 culturelle. Alliant excellence acad\u00e9mique et accessibilit\u00e9, l\u2019Espagne offre un cadre id\u00e9al pour poursuivre ses \u00e9tudes sup\u00e9rieures tout en s\u2019ouvrant \u00e0 l\u2019Europe. D\u00e9couvrez les principaux avantages qui font de ce pays une destination privil\u00e9gi\u00e9e pour les bacheliers marocains.<\/p>\t\t\t\t\t\t\t\t<\/div>\n\t\t\t\t<\/div>\n\t\t\t\t\t<\/div>\n\t\t\t\t<\/div>\n\t\t<div class=\"elementor-element elementor-element-724e3dc e-con-full e-flex e-con e-parent\" data-id=\"724e3dc\" data-element_type=\"container\" data-e-type=\"container\">\n\t\t<div class=\"elementor-element elementor-element-dc2f7db e-con-full e-flex e-con e-child\" data-id=\"dc2f7db\" data-element_type=\"container\" data-e-type=\"container\">\n\t\t\t\t<div class=\"elementor-element elementor-element-2260dc0 elementor-invisible elementor-widget elementor-widget-image\" data-id=\"2260dc0\" data-element_type=\"widget\" data-e-type=\"widget\" data-settings=\"{&quot;_animation&quot;:&quot;slideInLeft&quot;}\" data-widget_type=\"image.default\">\n\t\t\t\t\t\t\t\t\t\t\t\t\t\t\t<img decoding=\"async\" width=\"500\" height=\"500\" src=\"https:\/\/andaluciapce.com\/wp-content\/uploads\/2026\/01\/1-1.jpg\" class=\"attachment-large size-large wp-image-4201\" alt=\"\" srcset=\"https:\/\/andaluciapce.com\/wp-content\/uploads\/2026\/01\/1-1.jpg 500w, https:\/\/andaluciapce.com\/wp-content\/uploads\/2026\/01\/1-1-300x300.jpg 300w, https:\/\/andaluciapce.com\/wp-content\/uploads\/2026\/01\/1-1-150x150.jpg 150w\" sizes=\"(max-width: 500px) 100vw, 500px\" \/>\t\t\t\t\t\t\t\t\t\t\t\t\t\t\t<\/div>\n\t\t\t\t<\/div>\n\t\t<div class=\"elementor-element elementor-element-7b6091a e-con-full e-flex e-con e-child\" data-id=\"7b6091a\" data-element_type=\"container\" data-e-type=\"container\">\n\t\t\t\t<div class=\"elementor-element elementor-element-2d023ac elementor-invisible elementor-widget elementor-widget-image\" data-id=\"2d023ac\" data-element_type=\"widget\" data-e-type=\"widget\" data-settings=\"{&quot;_animation&quot;:&quot;slideInLeft&quot;}\" data-widget_type=\"image.default\">\n\t\t\t\t\t\t\t\t\t\t\t\t\t\t\t<img decoding=\"async\" width=\"500\" height=\"500\" src=\"https:\/\/andaluciapce.com\/wp-content\/uploads\/2026\/01\/2-1.jpg\" class=\"attachment-large size-large wp-image-4202\" alt=\"\" srcset=\"https:\/\/andaluciapce.com\/wp-content\/uploads\/2026\/01\/2-1.jpg 500w, https:\/\/andaluciapce.com\/wp-content\/uploads\/2026\/01\/2-1-300x300.jpg 300w, https:\/\/andaluciapce.com\/wp-content\/uploads\/2026\/01\/2-1-150x150.jpg 150w\" sizes=\"(max-width: 500px) 100vw, 500px\" \/>\t\t\t\t\t\t\t\t\t\t\t\t\t\t\t<\/div>\n\t\t\t\t<\/div>\n\t\t<div class=\"elementor-element elementor-element-780c1db e-con-full e-flex e-con e-child\" data-id=\"780c1db\" data-element_type=\"container\" data-e-type=\"container\">\n\t\t\t\t<div class=\"elementor-element elementor-element-0b2564a elementor-invisible elementor-widget elementor-widget-image\" data-id=\"0b2564a\" data-element_type=\"widget\" data-e-type=\"widget\" data-settings=\"{&quot;_animation&quot;:&quot;slideInLeft&quot;}\" data-widget_type=\"image.default\">\n\t\t\t\t\t\t\t\t\t\t\t\t\t\t\t<img loading=\"lazy\" decoding=\"async\" width=\"500\" height=\"500\" src=\"https:\/\/andaluciapce.com\/wp-content\/uploads\/2026\/01\/3.jpg\" class=\"attachment-large size-large wp-image-4203\" alt=\"\" srcset=\"https:\/\/andaluciapce.com\/wp-content\/uploads\/2026\/01\/3.jpg 500w, https:\/\/andaluciapce.com\/wp-content\/uploads\/2026\/01\/3-300x300.jpg 300w, https:\/\/andaluciapce.com\/wp-content\/uploads\/2026\/01\/3-150x150.jpg 150w\" sizes=\"(max-width: 500px) 100vw, 500px\" \/>\t\t\t\t\t\t\t\t\t\t\t\t\t\t\t<\/div>\n\t\t\t\t<\/div>\n\t\t<div class=\"elementor-element elementor-element-fbdac5f e-con-full e-flex e-con e-child\" data-id=\"fbdac5f\" data-element_type=\"container\" data-e-type=\"container\">\n\t\t\t\t<div class=\"elementor-element elementor-element-e3910c5 elementor-invisible elementor-widget elementor-widget-image\" data-id=\"e3910c5\" data-element_type=\"widget\" data-e-type=\"widget\" data-settings=\"{&quot;_animation&quot;:&quot;slideInRight&quot;}\" data-widget_type=\"image.default\">\n\t\t\t\t\t\t\t\t\t\t\t\t\t\t\t<img loading=\"lazy\" decoding=\"async\" width=\"1024\" height=\"1024\" src=\"https:\/\/andaluciapce.com\/wp-content\/uploads\/2026\/01\/196345021-vector-logo-of-the-school-spanish-language-courses-1-1024x1024.jpg\" class=\"attachment-large size-large wp-image-3919\" alt=\"\" srcset=\"https:\/\/andaluciapce.com\/wp-content\/uploads\/2026\/01\/196345021-vector-logo-of-the-school-spanish-language-courses-1-1024x1024.jpg 1024w, https:\/\/andaluciapce.com\/wp-content\/uploads\/2026\/01\/196345021-vector-logo-of-the-school-spanish-language-courses-1-300x300.jpg 300w, https:\/\/andaluciapce.com\/wp-content\/uploads\/2026\/01\/196345021-vector-logo-of-the-school-spanish-language-courses-1-150x150.jpg 150w, https:\/\/andaluciapce.com\/wp-content\/uploads\/2026\/01\/196345021-vector-logo-of-the-school-spanish-language-courses-1-768x768.jpg 768w, https:\/\/andaluciapce.com\/wp-content\/uploads\/2026\/01\/196345021-vector-logo-of-the-school-spanish-language-courses-1.jpg 1300w\" sizes=\"(max-width: 1024px) 100vw, 1024px\" \/>\t\t\t\t\t\t\t\t\t\t\t\t\t\t\t<\/div>\n\t\t\t\t<\/div>\n\t\t<div class=\"elementor-element elementor-element-716e4de e-con-full e-flex e-con e-child\" data-id=\"716e4de\" data-element_type=\"container\" data-e-type=\"container\">\n\t\t\t\t<div class=\"elementor-element elementor-element-7b9c4d9 elementor-invisible elementor-widget elementor-widget-image\" data-id=\"7b9c4d9\" data-element_type=\"widget\" data-e-type=\"widget\" data-settings=\"{&quot;_animation&quot;:&quot;slideInRight&quot;}\" data-widget_type=\"image.default\">\n\t\t\t\t\t\t\t\t\t\t\t\t\t\t\t<img loading=\"lazy\" decoding=\"async\" width=\"500\" height=\"500\" src=\"https:\/\/andaluciapce.com\/wp-content\/uploads\/2026\/01\/Inscription-dans-les-etablissements-Soumission-des-dossiers-aupres-des-universites-et-des-ecoles-selectionnees.-Suivi-actif-des-candidatures-et-relances-administratives.-9.jpg\" class=\"attachment-large size-large wp-image-4213\" alt=\"\" srcset=\"https:\/\/andaluciapce.com\/wp-content\/uploads\/2026\/01\/Inscription-dans-les-etablissements-Soumission-des-dossiers-aupres-des-universites-et-des-ecoles-selectionnees.-Suivi-actif-des-candidatures-et-relances-administratives.-9.jpg 500w, https:\/\/andaluciapce.com\/wp-content\/uploads\/2026\/01\/Inscription-dans-les-etablissements-Soumission-des-dossiers-aupres-des-universites-et-des-ecoles-selectionnees.-Suivi-actif-des-candidatures-et-relances-administratives.-9-300x300.jpg 300w, https:\/\/andaluciapce.com\/wp-content\/uploads\/2026\/01\/Inscription-dans-les-etablissements-Soumission-des-dossiers-aupres-des-universites-et-des-ecoles-selectionnees.-Suivi-actif-des-candidatures-et-relances-administratives.-9-150x150.jpg 150w\" sizes=\"(max-width: 500px) 100vw, 500px\" \/>\t\t\t\t\t\t\t\t\t\t\t\t\t\t\t<\/div>\n\t\t\t\t<\/div>\n\t\t\t\t<\/div>\n\t\t<div class=\"elementor-element elementor-element-e20e119 e-flex e-con-boxed e-con e-parent\" data-id=\"e20e119\" data-element_type=\"container\" data-e-type=\"container\" data-settings=\"{&quot;background_background&quot;:&quot;gradient&quot;}\">\n\t\t\t\t\t<div class=\"e-con-inner\">\n\t\t\t\t\t<\/div>\n\t\t\t\t<\/div>\n\t\t<div class=\"elementor-element elementor-element-7fee61b e-flex e-con-boxed e-con e-parent\" data-id=\"7fee61b\" data-element_type=\"container\" data-e-type=\"container\">\n\t\t\t\t\t<div class=\"e-con-inner\">\n\t\t<div class=\"elementor-element elementor-element-963a98a e-con-full e-flex e-con e-child\" data-id=\"963a98a\" data-element_type=\"container\" data-e-type=\"container\">\n\t\t\t\t<div class=\"elementor-element elementor-element-5c77790 elementor-invisible elementor-widget elementor-widget-heading\" data-id=\"5c77790\" data-element_type=\"widget\" data-e-type=\"widget\" data-settings=\"{&quot;_animation&quot;:&quot;slideInLeft&quot;}\" data-widget_type=\"heading.default\">\n\t\t\t\t\t<h1 class=\"elementor-heading-title elementor-size-default\">La vie \u00e9tudiante en Espagne : bien plus que les \u00e9tudes<\/h1>\t\t\t\t<\/div>\n\t\t\t\t<\/div>\n\t\t<div class=\"elementor-element elementor-element-be449aa e-con-full e-flex e-con e-child\" data-id=\"be449aa\" data-element_type=\"container\" data-e-type=\"container\">\n\t\t\t\t<div class=\"elementor-element elementor-element-af94b47 elementor-invisible elementor-widget elementor-widget-video\" data-id=\"af94b47\" data-element_type=\"widget\" data-e-type=\"widget\" data-settings=\"{&quot;youtube_url&quot;:&quot;https:\\\/\\\/www.youtube.com\\\/watch?v=XHOmBV4js_E&quot;,&quot;_animation&quot;:&quot;bounceInRight&quot;,&quot;video_type&quot;:&quot;youtube&quot;,&quot;controls&quot;:&quot;yes&quot;}\" data-widget_type=\"video.default\">\n\t\t\t\t\t\t\t<div class=\"elementor-wrapper elementor-open-inline\">\n\t\t\t<div class=\"elementor-video\"><\/div>\t\t<\/div>\n\t\t\t\t\t\t<\/div>\n\t\t\t\t<\/div>\n\t\t\t\t\t<\/div>\n\t\t\t\t<\/div>\n\t\t<div class=\"elementor-element elementor-element-f39834e e-flex e-con-boxed e-con e-parent\" data-id=\"f39834e\" data-element_type=\"container\" data-e-type=\"container\">\n\t\t\t\t\t<div class=\"e-con-inner\">\n\t\t<div class=\"elementor-element elementor-element-52bd2d3 e-con-full e-flex e-con e-child\" data-id=\"52bd2d3\" data-element_type=\"container\" data-e-type=\"container\">\n\t\t\t\t<div class=\"elementor-element elementor-element-4f36304 elementor-widget__width-initial elementor-invisible elementor-widget elementor-widget-text-editor\" data-id=\"4f36304\" data-element_type=\"widget\" data-e-type=\"widget\" data-settings=\"{&quot;_animation&quot;:&quot;slideInLeft&quot;}\" data-widget_type=\"text-editor.default\">\n\t\t\t\t\t\t\t\t\t<h3>\u00c9tudier en Espagne pour les marocains, c\u2019est bien plus que suivre des cours dans une universit\u00e9 reconnue. C\u2019est d\u00e9couvrir un mode de vie dynamique, chaleureux et ouvert, o\u00f9 les \u00e9tudes s\u2019\u00e9quilibrent naturellement avec la culture, les rencontres et les exp\u00e9riences du quotidien. Entre campus anim\u00e9s, vie sociale riche, co\u00fbt de la vie souvent plus accessible qu\u2019ailleurs en Europe et immersion dans la langue espagnole, la vie \u00e9tudiante en Espagne offre un cadre stimulant, id\u00e9al pour s\u2019\u00e9panouir sur les plans acad\u00e9mique, personnel et culturel.<\/h3>\t\t\t\t\t\t\t\t<\/div>\n\t\t\t\t<\/div>\n\t\t<div class=\"elementor-element elementor-element-36297d2 e-con-full e-flex e-con e-child\" data-id=\"36297d2\" data-element_type=\"container\" data-e-type=\"container\">\n\t\t\t\t<div class=\"elementor-element elementor-element-70c279a elementor-invisible elementor-widget elementor-widget-video\" data-id=\"70c279a\" data-element_type=\"widget\" data-e-type=\"widget\" data-settings=\"{&quot;youtube_url&quot;:&quot;https:\\\/\\\/www.youtube.com\\\/watch?v=XHOmBV4js_E&quot;,&quot;_animation&quot;:&quot;slideInRight&quot;,&quot;video_type&quot;:&quot;youtube&quot;,&quot;controls&quot;:&quot;yes&quot;}\" data-widget_type=\"video.default\">\n\t\t\t\t\t\t\t<div class=\"elementor-wrapper elementor-open-inline\">\n\t\t\t<div class=\"elementor-video\"><\/div>\t\t<\/div>\n\t\t\t\t\t\t<\/div>\n\t\t\t\t<\/div>\n\t\t\t\t\t<\/div>\n\t\t\t\t<\/div>\n\t\t<div class=\"elementor-element elementor-element-85caa67 e-flex e-con-boxed e-con e-parent\" data-id=\"85caa67\" data-element_type=\"container\" data-e-type=\"container\">\n\t\t\t\t\t<div class=\"e-con-inner\">\n\t\t<div class=\"elementor-element elementor-element-a6d91b0 e-con-full e-flex e-con e-child\" data-id=\"a6d91b0\" data-element_type=\"container\" data-e-type=\"container\">\n\t\t\t\t<\/div>\n\t\t<div class=\"elementor-element elementor-element-5be7faf e-con-full e-flex e-con e-child\" data-id=\"5be7faf\" data-element_type=\"container\" data-e-type=\"container\">\n\t\t\t\t<div class=\"elementor-element elementor-element-4debc09 elementor-invisible elementor-widget elementor-widget-button\" data-id=\"4debc09\" data-element_type=\"widget\" data-e-type=\"widget\" data-settings=\"{&quot;_animation&quot;:&quot;slideInRight&quot;}\" data-widget_type=\"button.default\">\n\t\t\t\t\t\t\t\t\t\t<a class=\"elementor-button elementor-button-link elementor-size-sm\" href=\"https:\/\/andaluciapce.com\/index.php\/inscription\/\">\n\t\t\t\t\t\t<span class=\"elementor-button-content-wrapper\">\n\t\t\t\t\t\t\t\t\t<span class=\"elementor-button-text\">Je m'inscris maintenant<\/span>\n\t\t\t\t\t<\/span>\n\t\t\t\t\t<\/a>\n\t\t\t\t\t\t\t\t<\/div>\n\t\t\t\t<\/div>\n\t\t\t\t\t<\/div>\n\t\t\t\t<\/div>\n\t\t\t\t<\/div>\n\t\t","protected":false},"excerpt":{"rendered":"<p>Pr\u00e9parer la Selectividad \u00e0 Andalucia PCE, c\u2019est \u00e9tudier dans un\u00a0 environnement p\u00e9dagogique adapt\u00e9, avec un encadrement espagnol et marocain, tout en se pr\u00e9parant efficacement sans quitter son pays. Comment se d\u00e9roule l\u2019examen Selectividad ? L\u2019examen de la Selectividad se compose d\u2019\u00e9preuves que l\u2019\u00e9tudiant choisit librement en fonction de sa fili\u00e8re \u2014 litt\u00e9raire, scientifique, \u00e9conomique, ou [&hellip;]<\/p>\n","protected":false},"author":1,"featured_media":0,"parent":0,"menu_order":0,"comment_status":"closed","ping_status":"closed","template":"elementor_canvas","meta":{"footnotes":""},"class_list":["post-4135","page","type-page","status-publish","hentry"],"_links":{"self":[{"href":"https:\/\/andaluciapce.com\/index.php\/wp-json\/wp\/v2\/pages\/4135","targetHints":{"allow":["GET"]}}],"collection":[{"href":"https:\/\/andaluciapce.com\/index.php\/wp-json\/wp\/v2\/pages"}],"about":[{"href":"https:\/\/andaluciapce.com\/index.php\/wp-json\/wp\/v2\/types\/page"}],"author":[{"embeddable":true,"href":"https:\/\/andaluciapce.com\/index.php\/wp-json\/wp\/v2\/users\/1"}],"replies":[{"embeddable":true,"href":"https:\/\/andaluciapce.com\/index.php\/wp-json\/wp\/v2\/comments?post=4135"}],"version-history":[{"count":97,"href":"https:\/\/andaluciapce.com\/index.php\/wp-json\/wp\/v2\/pages\/4135\/revisions"}],"predecessor-version":[{"id":5058,"href":"https:\/\/andaluciapce.com\/index.php\/wp-json\/wp\/v2\/pages\/4135\/revisions\/5058"}],"wp:attachment":[{"href":"https:\/\/andaluciapce.com\/index.php\/wp-json\/wp\/v2\/media?parent=4135"}],"curies":[{"name":"wp","href":"https:\/\/api.w.org\/{rel}","templated":true}]}}