{"id":4370,"date":"2026-02-03T17:28:45","date_gmt":"2026-02-03T17:28:45","guid":{"rendered":"https:\/\/andaluciapce.com\/?page_id=4370"},"modified":"2026-02-11T10:30:48","modified_gmt":"2026-02-11T10:30:48","slug":"4370-2","status":"publish","type":"page","link":"https:\/\/andaluciapce.com\/index.php\/4370-2\/","title":{"rendered":"Mati\u00e8res Pr\u00e9par\u00e9es"},"content":{"rendered":"\t\t<div data-elementor-type=\"wp-page\" data-elementor-id=\"4370\" class=\"elementor elementor-4370\">\n\t\t\t\t<div class=\"elementor-element elementor-element-d6525a2 e-flex e-con-boxed e-con e-parent\" data-id=\"d6525a2\" data-element_type=\"container\" data-e-type=\"container\">\n\t\t\t\t\t<div class=\"e-con-inner\">\n\t\t\t\t<div class=\"elementor-element elementor-element-b2cb441 elementor-widget elementor-widget-image\" data-id=\"b2cb441\" data-element_type=\"widget\" data-e-type=\"widget\" data-widget_type=\"image.default\">\n\t\t\t\t\t\t\t\t\t\t\t\t\t\t\t<img fetchpriority=\"high\" decoding=\"async\" width=\"1024\" height=\"576\" src=\"https:\/\/andaluciapce.com\/wp-content\/uploads\/2026\/02\/andalucia-6-1024x576.jpg\" class=\"attachment-large size-large wp-image-4389\" alt=\"\" srcset=\"https:\/\/andaluciapce.com\/wp-content\/uploads\/2026\/02\/andalucia-6-1024x576.jpg 1024w, https:\/\/andaluciapce.com\/wp-content\/uploads\/2026\/02\/andalucia-6-300x169.jpg 300w, https:\/\/andaluciapce.com\/wp-content\/uploads\/2026\/02\/andalucia-6-768x432.jpg 768w, https:\/\/andaluciapce.com\/wp-content\/uploads\/2026\/02\/andalucia-6-1536x864.jpg 1536w, https:\/\/andaluciapce.com\/wp-content\/uploads\/2026\/02\/andalucia-6.jpg 1920w\" sizes=\"(max-width: 1024px) 100vw, 1024px\" \/>\t\t\t\t\t\t\t\t\t\t\t\t\t\t\t<\/div>\n\t\t\t\t\t<\/div>\n\t\t\t\t<\/div>\n\t\t<div class=\"elementor-element elementor-element-81740c7 e-flex e-con-boxed e-con e-parent\" data-id=\"81740c7\" data-element_type=\"container\" data-e-type=\"container\">\n\t\t\t\t\t<div class=\"e-con-inner\">\n\t\t<div class=\"elementor-element elementor-element-5ca30fd e-con-full e-flex e-con e-child\" data-id=\"5ca30fd\" data-element_type=\"container\" data-e-type=\"container\">\n\t\t\t\t<div class=\"elementor-element elementor-element-9a22b59 elementor-invisible elementor-widget elementor-widget-heading\" data-id=\"9a22b59\" data-element_type=\"widget\" data-e-type=\"widget\" data-settings=\"{&quot;_animation&quot;:&quot;slideInLeft&quot;}\" data-widget_type=\"heading.default\">\n\t\t\t\t\t<h2 class=\"elementor-heading-title elementor-size-default\">Andalucia pce escuela  vous pr\u00e9pare \u00e0 la Selectividad avec m\u00e9thodologie<\/h2>\t\t\t\t<\/div>\n\t\t\t\t<\/div>\n\t\t<div class=\"elementor-element elementor-element-6666197 e-con-full e-flex e-con e-child\" data-id=\"6666197\" data-element_type=\"container\" data-e-type=\"container\">\n\t\t\t\t<div class=\"elementor-element elementor-element-3a11092 elementor-invisible elementor-widget elementor-widget-text-editor\" data-id=\"3a11092\" data-element_type=\"widget\" data-e-type=\"widget\" data-settings=\"{&quot;_animation&quot;:&quot;slideInRight&quot;}\" data-widget_type=\"text-editor.default\">\n\t\t\t\t\t\t\t\t\t<p>\u00c0 andalucia pce escuela, nous pr\u00e9parons toutes les mati\u00e8res n\u00e9cessaires pour r\u00e9ussir la Selectividad et acc\u00e9der aux universit\u00e9s espagnoles publiques.<br \/>Chaque mati\u00e8re est enseign\u00e9e par des enseignants sp\u00e9cialis\u00e9s, avec des supports adapt\u00e9s au niveau du Bac marocain.<\/p>\t\t\t\t\t\t\t\t<\/div>\n\t\t\t\t<\/div>\n\t\t\t\t\t<\/div>\n\t\t\t\t<\/div>\n\t\t<div class=\"elementor-element elementor-element-56ab7ef e-con-full e-flex e-con e-parent\" data-id=\"56ab7ef\" data-element_type=\"container\" data-e-type=\"container\">\n\t\t\t\t<div class=\"elementor-element elementor-element-08e34f6 elementor-invisible elementor-widget elementor-widget-image\" data-id=\"08e34f6\" data-element_type=\"widget\" data-e-type=\"widget\" data-settings=\"{&quot;_animation&quot;:&quot;slideInLeft&quot;}\" data-widget_type=\"image.default\">\n\t\t\t\t\t\t\t\t\t\t\t\t\t\t\t<img decoding=\"async\" width=\"940\" height=\"348\" src=\"https:\/\/andaluciapce.com\/wp-content\/uploads\/2026\/02\/Ajouter-un-titre-3.png\" class=\"attachment-large size-large wp-image-4477\" alt=\"\" srcset=\"https:\/\/andaluciapce.com\/wp-content\/uploads\/2026\/02\/Ajouter-un-titre-3.png 940w, https:\/\/andaluciapce.com\/wp-content\/uploads\/2026\/02\/Ajouter-un-titre-3-300x111.png 300w, https:\/\/andaluciapce.com\/wp-content\/uploads\/2026\/02\/Ajouter-un-titre-3-768x284.png 768w\" sizes=\"(max-width: 940px) 100vw, 940px\" \/>\t\t\t\t\t\t\t\t\t\t\t\t\t\t\t<\/div>\n\t\t\t\t<\/div>\n\t\t<div class=\"elementor-element elementor-element-a4e1f8d e-flex e-con-boxed e-con e-parent\" data-id=\"a4e1f8d\" data-element_type=\"container\" data-e-type=\"container\">\n\t\t\t\t\t<div class=\"e-con-inner\">\n\t\t\t\t<div class=\"elementor-element elementor-element-1a586e1 elementor-invisible elementor-widget elementor-widget-heading\" data-id=\"1a586e1\" data-element_type=\"widget\" data-e-type=\"widget\" data-settings=\"{&quot;_animation&quot;:&quot;slideInRight&quot;}\" data-widget_type=\"heading.default\">\n\t\t\t\t\t<h2 class=\"elementor-heading-title elementor-size-default\">Mati\u00e8res obligatoires<\/h2>\t\t\t\t<\/div>\n\t\t\t\t\t<\/div>\n\t\t\t\t<\/div>\n\t\t<div class=\"elementor-element elementor-element-4fec580 e-flex e-con-boxed e-con e-parent\" data-id=\"4fec580\" data-element_type=\"container\" data-e-type=\"container\">\n\t\t\t\t\t<div class=\"e-con-inner\">\n\t\t<div class=\"elementor-element elementor-element-fd6380b e-con-full e-flex e-con e-child\" data-id=\"fd6380b\" data-element_type=\"container\" data-e-type=\"container\">\n\t\t\t\t<div class=\"elementor-element elementor-element-be3ca1b elementor-invisible elementor-widget elementor-widget-image\" data-id=\"be3ca1b\" data-element_type=\"widget\" data-e-type=\"widget\" data-settings=\"{&quot;_animation&quot;:&quot;slideInLeft&quot;}\" data-widget_type=\"image.default\">\n\t\t\t\t\t\t\t\t\t\t\t\t\t\t\t<img decoding=\"async\" width=\"1024\" height=\"512\" src=\"https:\/\/andaluciapce.com\/wp-content\/uploads\/2026\/02\/langue-et-litterature-espagnoles-1024x512.jpg\" class=\"attachment-large size-large wp-image-4441\" alt=\"\" srcset=\"https:\/\/andaluciapce.com\/wp-content\/uploads\/2026\/02\/langue-et-litterature-espagnoles-1024x512.jpg 1024w, https:\/\/andaluciapce.com\/wp-content\/uploads\/2026\/02\/langue-et-litterature-espagnoles-300x150.jpg 300w, https:\/\/andaluciapce.com\/wp-content\/uploads\/2026\/02\/langue-et-litterature-espagnoles-768x384.jpg 768w, https:\/\/andaluciapce.com\/wp-content\/uploads\/2026\/02\/langue-et-litterature-espagnoles-1536x768.jpg 1536w, https:\/\/andaluciapce.com\/wp-content\/uploads\/2026\/02\/langue-et-litterature-espagnoles-2048x1024.jpg 2048w\" sizes=\"(max-width: 1024px) 100vw, 1024px\" \/>\t\t\t\t\t\t\t\t\t\t\t\t\t\t\t<\/div>\n\t\t\t\t<\/div>\n\t\t<div class=\"elementor-element elementor-element-399fd11 e-con-full e-flex e-con e-child\" data-id=\"399fd11\" data-element_type=\"container\" data-e-type=\"container\">\n\t\t\t\t<div class=\"elementor-element elementor-element-1eacb66 elementor-invisible elementor-widget elementor-widget-image\" data-id=\"1eacb66\" data-element_type=\"widget\" data-e-type=\"widget\" data-settings=\"{&quot;_animation&quot;:&quot;slideInRight&quot;}\" data-widget_type=\"image.default\">\n\t\t\t\t\t\t\t\t\t\t\t\t\t\t\t<img loading=\"lazy\" decoding=\"async\" width=\"1024\" height=\"512\" src=\"https:\/\/andaluciapce.com\/wp-content\/uploads\/2026\/02\/langue-et-litterature-espagnoles-1-1024x512.jpg\" class=\"attachment-large size-large wp-image-4446\" alt=\"\" srcset=\"https:\/\/andaluciapce.com\/wp-content\/uploads\/2026\/02\/langue-et-litterature-espagnoles-1-1024x512.jpg 1024w, https:\/\/andaluciapce.com\/wp-content\/uploads\/2026\/02\/langue-et-litterature-espagnoles-1-300x150.jpg 300w, https:\/\/andaluciapce.com\/wp-content\/uploads\/2026\/02\/langue-et-litterature-espagnoles-1-768x384.jpg 768w, https:\/\/andaluciapce.com\/wp-content\/uploads\/2026\/02\/langue-et-litterature-espagnoles-1-1536x768.jpg 1536w, https:\/\/andaluciapce.com\/wp-content\/uploads\/2026\/02\/langue-et-litterature-espagnoles-1-2048x1024.jpg 2048w\" sizes=\"(max-width: 1024px) 100vw, 1024px\" \/>\t\t\t\t\t\t\t\t\t\t\t\t\t\t\t<\/div>\n\t\t\t\t<\/div>\n\t\t<div class=\"elementor-element elementor-element-af53a8d e-con-full e-flex e-con e-child\" data-id=\"af53a8d\" data-element_type=\"container\" data-e-type=\"container\">\n\t\t\t\t<div class=\"elementor-element elementor-element-dbb9763 elementor-invisible elementor-widget elementor-widget-image\" data-id=\"dbb9763\" data-element_type=\"widget\" data-e-type=\"widget\" data-settings=\"{&quot;_animation&quot;:&quot;slideInLeft&quot;}\" data-widget_type=\"image.default\">\n\t\t\t\t\t\t\t\t\t\t\t\t\t\t\t<img loading=\"lazy\" decoding=\"async\" width=\"1024\" height=\"512\" src=\"https:\/\/andaluciapce.com\/wp-content\/uploads\/2026\/02\/langue-et-litterature-espagnoles-2-1024x512.jpg\" class=\"attachment-large size-large wp-image-4453\" alt=\"\" srcset=\"https:\/\/andaluciapce.com\/wp-content\/uploads\/2026\/02\/langue-et-litterature-espagnoles-2-1024x512.jpg 1024w, https:\/\/andaluciapce.com\/wp-content\/uploads\/2026\/02\/langue-et-litterature-espagnoles-2-300x150.jpg 300w, https:\/\/andaluciapce.com\/wp-content\/uploads\/2026\/02\/langue-et-litterature-espagnoles-2-768x384.jpg 768w, https:\/\/andaluciapce.com\/wp-content\/uploads\/2026\/02\/langue-et-litterature-espagnoles-2-1536x768.jpg 1536w, https:\/\/andaluciapce.com\/wp-content\/uploads\/2026\/02\/langue-et-litterature-espagnoles-2-2048x1024.jpg 2048w\" sizes=\"(max-width: 1024px) 100vw, 1024px\" \/>\t\t\t\t\t\t\t\t\t\t\t\t\t\t\t<\/div>\n\t\t\t\t<\/div>\n\t\t<div class=\"elementor-element elementor-element-23e9ef6 e-con-full e-flex e-con e-child\" data-id=\"23e9ef6\" data-element_type=\"container\" data-e-type=\"container\">\n\t\t\t\t<div class=\"elementor-element elementor-element-ae95f5b elementor-invisible elementor-widget elementor-widget-image\" data-id=\"ae95f5b\" data-element_type=\"widget\" data-e-type=\"widget\" data-settings=\"{&quot;_animation&quot;:&quot;slideInRight&quot;}\" data-widget_type=\"image.default\">\n\t\t\t\t\t\t\t\t\t\t\t\t\t\t\t<img loading=\"lazy\" decoding=\"async\" width=\"1024\" height=\"512\" src=\"https:\/\/andaluciapce.com\/wp-content\/uploads\/2026\/02\/langue-et-litterature-espagnoles-3-1024x512.jpg\" class=\"attachment-large size-large wp-image-4460\" alt=\"\" srcset=\"https:\/\/andaluciapce.com\/wp-content\/uploads\/2026\/02\/langue-et-litterature-espagnoles-3-1024x512.jpg 1024w, https:\/\/andaluciapce.com\/wp-content\/uploads\/2026\/02\/langue-et-litterature-espagnoles-3-300x150.jpg 300w, https:\/\/andaluciapce.com\/wp-content\/uploads\/2026\/02\/langue-et-litterature-espagnoles-3-768x384.jpg 768w, https:\/\/andaluciapce.com\/wp-content\/uploads\/2026\/02\/langue-et-litterature-espagnoles-3-1536x768.jpg 1536w, https:\/\/andaluciapce.com\/wp-content\/uploads\/2026\/02\/langue-et-litterature-espagnoles-3-2048x1024.jpg 2048w\" sizes=\"(max-width: 1024px) 100vw, 1024px\" \/>\t\t\t\t\t\t\t\t\t\t\t\t\t\t\t<\/div>\n\t\t\t\t<\/div>\n\t\t\t\t\t<\/div>\n\t\t\t\t<\/div>\n\t\t<div class=\"elementor-element elementor-element-61c39e6 e-flex e-con-boxed e-con e-parent\" data-id=\"61c39e6\" data-element_type=\"container\" data-e-type=\"container\">\n\t\t\t\t\t<div class=\"e-con-inner\">\n\t\t\t\t<div class=\"elementor-element elementor-element-8a77077 elementor-invisible elementor-widget elementor-widget-heading\" data-id=\"8a77077\" data-element_type=\"widget\" data-e-type=\"widget\" data-settings=\"{&quot;_animation&quot;:&quot;slideInRight&quot;}\" data-widget_type=\"heading.default\">\n\t\t\t\t\t<h2 class=\"elementor-heading-title elementor-size-default\">Mati\u00e8res de sp\u00e9cialit\u00e9<\/h2>\t\t\t\t<\/div>\n\t\t\t\t\t<\/div>\n\t\t\t\t<\/div>\n\t\t<div class=\"elementor-element elementor-element-b2cfce7 e-flex e-con-boxed e-con e-parent\" data-id=\"b2cfce7\" data-element_type=\"container\" data-e-type=\"container\">\n\t\t\t\t\t<div class=\"e-con-inner\">\n\t\t<div class=\"elementor-element elementor-element-7e4b9c9 e-con-full e-flex e-con e-child\" data-id=\"7e4b9c9\" data-element_type=\"container\" data-e-type=\"container\">\n\t\t\t\t<div class=\"elementor-element elementor-element-88affe1 elementor-invisible elementor-widget elementor-widget-image\" data-id=\"88affe1\" data-element_type=\"widget\" data-e-type=\"widget\" data-settings=\"{&quot;_animation&quot;:&quot;slideInLeft&quot;}\" data-widget_type=\"image.default\">\n\t\t\t\t\t\t\t\t\t\t\t\t\t\t\t<img loading=\"lazy\" decoding=\"async\" width=\"1024\" height=\"512\" src=\"https:\/\/andaluciapce.com\/wp-content\/uploads\/2026\/02\/1-1024x512.jpg\" class=\"attachment-large size-large wp-image-4496\" alt=\"\" srcset=\"https:\/\/andaluciapce.com\/wp-content\/uploads\/2026\/02\/1-1024x512.jpg 1024w, https:\/\/andaluciapce.com\/wp-content\/uploads\/2026\/02\/1-300x150.jpg 300w, https:\/\/andaluciapce.com\/wp-content\/uploads\/2026\/02\/1-768x384.jpg 768w, https:\/\/andaluciapce.com\/wp-content\/uploads\/2026\/02\/1-1536x768.jpg 1536w, https:\/\/andaluciapce.com\/wp-content\/uploads\/2026\/02\/1-2048x1024.jpg 2048w\" sizes=\"(max-width: 1024px) 100vw, 1024px\" \/>\t\t\t\t\t\t\t\t\t\t\t\t\t\t\t<\/div>\n\t\t\t\t<\/div>\n\t\t<div class=\"elementor-element elementor-element-a3d60cd e-con-full e-flex e-con e-child\" data-id=\"a3d60cd\" data-element_type=\"container\" data-e-type=\"container\">\n\t\t\t\t<div class=\"elementor-element elementor-element-4f5947e elementor-invisible elementor-widget elementor-widget-image\" data-id=\"4f5947e\" data-element_type=\"widget\" data-e-type=\"widget\" data-settings=\"{&quot;_animation&quot;:&quot;slideInRight&quot;}\" data-widget_type=\"image.default\">\n\t\t\t\t\t\t\t\t\t\t\t\t\t\t\t<img loading=\"lazy\" decoding=\"async\" width=\"1024\" height=\"512\" src=\"https:\/\/andaluciapce.com\/wp-content\/uploads\/2026\/02\/2-1024x512.jpg\" class=\"attachment-large size-large wp-image-4497\" alt=\"\" srcset=\"https:\/\/andaluciapce.com\/wp-content\/uploads\/2026\/02\/2-1024x512.jpg 1024w, https:\/\/andaluciapce.com\/wp-content\/uploads\/2026\/02\/2-300x150.jpg 300w, https:\/\/andaluciapce.com\/wp-content\/uploads\/2026\/02\/2-768x384.jpg 768w, https:\/\/andaluciapce.com\/wp-content\/uploads\/2026\/02\/2-1536x768.jpg 1536w, https:\/\/andaluciapce.com\/wp-content\/uploads\/2026\/02\/2-2048x1024.jpg 2048w\" sizes=\"(max-width: 1024px) 100vw, 1024px\" \/>\t\t\t\t\t\t\t\t\t\t\t\t\t\t\t<\/div>\n\t\t\t\t<\/div>\n\t\t<div class=\"elementor-element elementor-element-995eac8 e-con-full e-flex e-con e-child\" data-id=\"995eac8\" data-element_type=\"container\" data-e-type=\"container\">\n\t\t\t\t<div class=\"elementor-element elementor-element-da0733a elementor-invisible elementor-widget elementor-widget-image\" data-id=\"da0733a\" data-element_type=\"widget\" data-e-type=\"widget\" data-settings=\"{&quot;_animation&quot;:&quot;slideInLeft&quot;}\" data-widget_type=\"image.default\">\n\t\t\t\t\t\t\t\t\t\t\t\t\t\t\t<img loading=\"lazy\" decoding=\"async\" width=\"1024\" height=\"512\" src=\"https:\/\/andaluciapce.com\/wp-content\/uploads\/2026\/02\/3-1024x512.jpg\" class=\"attachment-large size-large wp-image-4498\" alt=\"\" srcset=\"https:\/\/andaluciapce.com\/wp-content\/uploads\/2026\/02\/3-1024x512.jpg 1024w, https:\/\/andaluciapce.com\/wp-content\/uploads\/2026\/02\/3-300x150.jpg 300w, https:\/\/andaluciapce.com\/wp-content\/uploads\/2026\/02\/3-768x384.jpg 768w, https:\/\/andaluciapce.com\/wp-content\/uploads\/2026\/02\/3-1536x768.jpg 1536w, https:\/\/andaluciapce.com\/wp-content\/uploads\/2026\/02\/3-2048x1024.jpg 2048w\" sizes=\"(max-width: 1024px) 100vw, 1024px\" \/>\t\t\t\t\t\t\t\t\t\t\t\t\t\t\t<\/div>\n\t\t\t\t<\/div>\n\t\t<div class=\"elementor-element elementor-element-e9038fa e-con-full e-flex e-con e-child\" data-id=\"e9038fa\" data-element_type=\"container\" data-e-type=\"container\">\n\t\t\t\t<div class=\"elementor-element elementor-element-520b304 elementor-invisible elementor-widget elementor-widget-image\" data-id=\"520b304\" data-element_type=\"widget\" data-e-type=\"widget\" data-settings=\"{&quot;_animation&quot;:&quot;slideInRight&quot;}\" data-widget_type=\"image.default\">\n\t\t\t\t\t\t\t\t\t\t\t\t\t\t\t<img loading=\"lazy\" decoding=\"async\" width=\"1024\" height=\"512\" src=\"https:\/\/andaluciapce.com\/wp-content\/uploads\/2026\/02\/4-1024x512.jpg\" class=\"attachment-large size-large wp-image-4499\" alt=\"\" srcset=\"https:\/\/andaluciapce.com\/wp-content\/uploads\/2026\/02\/4-1024x512.jpg 1024w, https:\/\/andaluciapce.com\/wp-content\/uploads\/2026\/02\/4-300x150.jpg 300w, https:\/\/andaluciapce.com\/wp-content\/uploads\/2026\/02\/4-768x384.jpg 768w, https:\/\/andaluciapce.com\/wp-content\/uploads\/2026\/02\/4-1536x768.jpg 1536w, https:\/\/andaluciapce.com\/wp-content\/uploads\/2026\/02\/4-2048x1024.jpg 2048w\" sizes=\"(max-width: 1024px) 100vw, 1024px\" \/>\t\t\t\t\t\t\t\t\t\t\t\t\t\t\t<\/div>\n\t\t\t\t<\/div>\n\t\t\t\t\t<\/div>\n\t\t\t\t<\/div>\n\t\t<div class=\"elementor-element elementor-element-881e520 e-flex e-con-boxed e-con e-parent\" data-id=\"881e520\" data-element_type=\"container\" data-e-type=\"container\">\n\t\t\t\t\t<div class=\"e-con-inner\">\n\t\t\t\t<div class=\"elementor-element elementor-element-691c720 elementor-widget elementor-widget-image\" data-id=\"691c720\" data-element_type=\"widget\" data-e-type=\"widget\" data-widget_type=\"image.default\">\n\t\t\t\t\t\t\t\t\t\t\t\t\t\t\t<img loading=\"lazy\" decoding=\"async\" width=\"1536\" height=\"864\" src=\"https:\/\/andaluciapce.com\/wp-content\/uploads\/2026\/02\/35907374-7954-4775-a334-eeae4a4f8ae3-1536x864.jpg\" class=\"attachment-1536x1536 size-1536x1536 wp-image-4857\" alt=\"\" srcset=\"https:\/\/andaluciapce.com\/wp-content\/uploads\/2026\/02\/35907374-7954-4775-a334-eeae4a4f8ae3-1536x864.jpg 1536w, https:\/\/andaluciapce.com\/wp-content\/uploads\/2026\/02\/35907374-7954-4775-a334-eeae4a4f8ae3-300x169.jpg 300w, https:\/\/andaluciapce.com\/wp-content\/uploads\/2026\/02\/35907374-7954-4775-a334-eeae4a4f8ae3-1024x576.jpg 1024w, https:\/\/andaluciapce.com\/wp-content\/uploads\/2026\/02\/35907374-7954-4775-a334-eeae4a4f8ae3-768x432.jpg 768w, https:\/\/andaluciapce.com\/wp-content\/uploads\/2026\/02\/35907374-7954-4775-a334-eeae4a4f8ae3-2048x1152.jpg 2048w\" sizes=\"(max-width: 1536px) 100vw, 1536px\" \/>\t\t\t\t\t\t\t\t\t\t\t\t\t\t\t<\/div>\n\t\t\t\t\t<\/div>\n\t\t\t\t<\/div>\n\t\t<div class=\"elementor-element elementor-element-5489d86 e-flex e-con-boxed e-con e-parent\" data-id=\"5489d86\" data-element_type=\"container\" data-e-type=\"container\">\n\t\t\t\t\t<div class=\"e-con-inner\">\n\t\t\t\t<div class=\"elementor-element elementor-element-5ecde20 elementor-widget elementor-widget-heading\" data-id=\"5ecde20\" data-element_type=\"widget\" data-e-type=\"widget\" data-widget_type=\"heading.default\">\n\t\t\t\t\t<h1 class=\"elementor-heading-title elementor-size-default\">Pars \u00e9tudier, vis, d\u00e9couvre : l\u2019Espagne t\u2019appelle !<\/h1>\t\t\t\t<\/div>\n\t\t\t\t\t<\/div>\n\t\t\t\t<\/div>\n\t\t<div class=\"elementor-element elementor-element-132495d e-flex e-con-boxed e-con e-parent\" data-id=\"132495d\" data-element_type=\"container\" data-e-type=\"container\">\n\t\t\t\t\t<div class=\"e-con-inner\">\n\t\t\t\t<div class=\"elementor-element elementor-element-aa7d7b2 elementor-widget elementor-widget-heading\" data-id=\"aa7d7b2\" data-element_type=\"widget\" data-e-type=\"widget\" data-widget_type=\"heading.default\">\n\t\t\t\t\t<h2 class=\"elementor-heading-title elementor-size-default\">\nRejoins Andalucia PCE Escuela et prends ton avenir en main d\u00e8s aujourd\u2019hui.<\/h2>\t\t\t\t<\/div>\n\t\t\t\t\t<\/div>\n\t\t\t\t<\/div>\n\t\t<div class=\"elementor-element elementor-element-0d75de4 e-flex e-con-boxed e-con e-parent\" data-id=\"0d75de4\" data-element_type=\"container\" data-e-type=\"container\">\n\t\t\t\t\t<div class=\"e-con-inner\">\n\t\t\t\t<div class=\"elementor-element elementor-element-1f09a86 elementor-align-center elementor-widget elementor-widget-button\" data-id=\"1f09a86\" data-element_type=\"widget\" data-e-type=\"widget\" data-widget_type=\"button.default\">\n\t\t\t\t\t\t\t\t\t\t<a class=\"elementor-button elementor-button-link elementor-size-sm\" href=\"https:\/\/andaluciapce.com\/index.php\/contact\/\">\n\t\t\t\t\t\t<span class=\"elementor-button-content-wrapper\">\n\t\t\t\t\t\t\t\t\t<span class=\"elementor-button-text\">Prendre contact<\/span>\n\t\t\t\t\t<\/span>\n\t\t\t\t\t<\/a>\n\t\t\t\t\t\t\t\t<\/div>\n\t\t\t\t\t<\/div>\n\t\t\t\t<\/div>\n\t\t<div class=\"elementor-element elementor-element-2a5b852 e-flex e-con-boxed e-con e-parent\" data-id=\"2a5b852\" data-element_type=\"container\" data-e-type=\"container\">\n\t\t\t\t\t<div class=\"e-con-inner\">\n\t\t\t\t<div class=\"elementor-element elementor-element-036f84e elementor-invisible elementor-widget elementor-widget-heading\" data-id=\"036f84e\" data-element_type=\"widget\" data-e-type=\"widget\" data-settings=\"{&quot;_animation&quot;:&quot;slideInLeft&quot;}\" data-widget_type=\"heading.default\">\n\t\t\t\t\t<h2 class=\"elementor-heading-title elementor-size-default\">Orientation \u00e9conomique et sociale<\/h2>\t\t\t\t<\/div>\n\t\t\t\t\t<\/div>\n\t\t\t\t<\/div>\n\t\t<div class=\"elementor-element elementor-element-2e845b6 e-flex e-con-boxed e-con e-parent\" data-id=\"2e845b6\" data-element_type=\"container\" data-e-type=\"container\">\n\t\t\t\t\t<div class=\"e-con-inner\">\n\t\t\t\t<div class=\"elementor-element elementor-element-995c038 elementor-invisible elementor-widget elementor-widget-text-editor\" data-id=\"995c038\" data-element_type=\"widget\" data-e-type=\"widget\" data-settings=\"{&quot;_animation&quot;:&quot;slideInLeft&quot;}\" data-widget_type=\"text-editor.default\">\n\t\t\t\t\t\t\t\t\t<p>Pour les \u00e9l\u00e8ves ayant suivi un bac \u00e9conomique, gestion, sciences sociales ou mixte. Parfait pour les \u00e9tudes en \u00e9conomie, management, droit, marketing ou tourisme.<\/p>\t\t\t\t\t\t\t\t<\/div>\n\t\t\t\t\t<\/div>\n\t\t\t\t<\/div>\n\t\t<div class=\"elementor-element elementor-element-45b4498 e-flex e-con-boxed e-con e-parent\" data-id=\"45b4498\" data-element_type=\"container\" data-e-type=\"container\">\n\t\t\t\t\t<div class=\"e-con-inner\">\n\t\t<div class=\"elementor-element elementor-element-03bc64a e-con-full e-flex e-con e-child\" data-id=\"03bc64a\" data-element_type=\"container\" data-e-type=\"container\">\n\t\t\t\t<div class=\"elementor-element elementor-element-d745f73 elementor-invisible elementor-widget elementor-widget-image\" data-id=\"d745f73\" data-element_type=\"widget\" data-e-type=\"widget\" data-settings=\"{&quot;_animation&quot;:&quot;slideInLeft&quot;}\" data-widget_type=\"image.default\">\n\t\t\t\t\t\t\t\t\t\t\t\t\t\t\t<img loading=\"lazy\" decoding=\"async\" width=\"1024\" height=\"512\" src=\"https:\/\/andaluciapce.com\/wp-content\/uploads\/2026\/02\/1-1-1024x512.jpg\" class=\"attachment-large size-large wp-image-4582\" alt=\"\" srcset=\"https:\/\/andaluciapce.com\/wp-content\/uploads\/2026\/02\/1-1-1024x512.jpg 1024w, https:\/\/andaluciapce.com\/wp-content\/uploads\/2026\/02\/1-1-300x150.jpg 300w, https:\/\/andaluciapce.com\/wp-content\/uploads\/2026\/02\/1-1-768x384.jpg 768w, https:\/\/andaluciapce.com\/wp-content\/uploads\/2026\/02\/1-1-1536x768.jpg 1536w, https:\/\/andaluciapce.com\/wp-content\/uploads\/2026\/02\/1-1-2048x1024.jpg 2048w\" sizes=\"(max-width: 1024px) 100vw, 1024px\" \/>\t\t\t\t\t\t\t\t\t\t\t\t\t\t\t<\/div>\n\t\t\t\t<\/div>\n\t\t<div class=\"elementor-element elementor-element-f73e558 e-con-full e-flex e-con e-child\" data-id=\"f73e558\" data-element_type=\"container\" data-e-type=\"container\">\n\t\t\t\t<div class=\"elementor-element elementor-element-c522228 elementor-invisible elementor-widget elementor-widget-image\" data-id=\"c522228\" data-element_type=\"widget\" data-e-type=\"widget\" data-settings=\"{&quot;_animation&quot;:&quot;slideInRight&quot;}\" data-widget_type=\"image.default\">\n\t\t\t\t\t\t\t\t\t\t\t\t\t\t\t<img loading=\"lazy\" decoding=\"async\" width=\"1024\" height=\"512\" src=\"https:\/\/andaluciapce.com\/wp-content\/uploads\/2026\/02\/2-1-1024x512.jpg\" class=\"attachment-large size-large wp-image-4583\" alt=\"\" srcset=\"https:\/\/andaluciapce.com\/wp-content\/uploads\/2026\/02\/2-1-1024x512.jpg 1024w, https:\/\/andaluciapce.com\/wp-content\/uploads\/2026\/02\/2-1-300x150.jpg 300w, https:\/\/andaluciapce.com\/wp-content\/uploads\/2026\/02\/2-1-768x384.jpg 768w, https:\/\/andaluciapce.com\/wp-content\/uploads\/2026\/02\/2-1-1536x768.jpg 1536w, https:\/\/andaluciapce.com\/wp-content\/uploads\/2026\/02\/2-1-2048x1024.jpg 2048w\" sizes=\"(max-width: 1024px) 100vw, 1024px\" \/>\t\t\t\t\t\t\t\t\t\t\t\t\t\t\t<\/div>\n\t\t\t\t<\/div>\n\t\t\t\t\t<\/div>\n\t\t\t\t<\/div>\n\t\t\t\t<\/div>\n\t\t","protected":false},"excerpt":{"rendered":"<p>Andalucia pce escuela vous pr\u00e9pare \u00e0 la Selectividad avec m\u00e9thodologie \u00c0 andalucia pce escuela, nous pr\u00e9parons toutes les mati\u00e8res n\u00e9cessaires pour r\u00e9ussir la Selectividad et acc\u00e9der aux universit\u00e9s espagnoles publiques.Chaque mati\u00e8re est enseign\u00e9e par des enseignants sp\u00e9cialis\u00e9s, avec des supports adapt\u00e9s au niveau du Bac marocain. Mati\u00e8res obligatoires Mati\u00e8res de sp\u00e9cialit\u00e9 Pars \u00e9tudier, vis, d\u00e9couvre [&hellip;]<\/p>\n","protected":false},"author":1,"featured_media":0,"parent":0,"menu_order":0,"comment_status":"closed","ping_status":"closed","template":"elementor_canvas","meta":{"footnotes":""},"class_list":["post-4370","page","type-page","status-publish","hentry"],"_links":{"self":[{"href":"https:\/\/andaluciapce.com\/index.php\/wp-json\/wp\/v2\/pages\/4370","targetHints":{"allow":["GET"]}}],"collection":[{"href":"https:\/\/andaluciapce.com\/index.php\/wp-json\/wp\/v2\/pages"}],"about":[{"href":"https:\/\/andaluciapce.com\/index.php\/wp-json\/wp\/v2\/types\/page"}],"author":[{"embeddable":true,"href":"https:\/\/andaluciapce.com\/index.php\/wp-json\/wp\/v2\/users\/1"}],"replies":[{"embeddable":true,"href":"https:\/\/andaluciapce.com\/index.php\/wp-json\/wp\/v2\/comments?post=4370"}],"version-history":[{"count":151,"href":"https:\/\/andaluciapce.com\/index.php\/wp-json\/wp\/v2\/pages\/4370\/revisions"}],"predecessor-version":[{"id":4863,"href":"https:\/\/andaluciapce.com\/index.php\/wp-json\/wp\/v2\/pages\/4370\/revisions\/4863"}],"wp:attachment":[{"href":"https:\/\/andaluciapce.com\/index.php\/wp-json\/wp\/v2\/media?parent=4370"}],"curies":[{"name":"wp","href":"https:\/\/api.w.org\/{rel}","templated":true}]}}