{"id":4763,"date":"2026-02-10T09:53:06","date_gmt":"2026-02-10T09:53:06","guid":{"rendered":"https:\/\/andaluciapce.com\/?page_id=4763"},"modified":"2026-02-11T15:27:51","modified_gmt":"2026-02-11T15:27:51","slug":"matieres-preparees-copy","status":"publish","type":"page","link":"https:\/\/andaluciapce.com\/index.php\/matieres-preparees-copy\/","title":{"rendered":"Mati\u00e8res Pr\u00e9par\u00e9es &#8211; Copy"},"content":{"rendered":"\t\t<div data-elementor-type=\"wp-page\" data-elementor-id=\"4763\" class=\"elementor elementor-4763\">\n\t\t\t\t<div class=\"elementor-element elementor-element-881e520 e-flex e-con-boxed e-con e-parent\" data-id=\"881e520\" data-element_type=\"container\" data-e-type=\"container\">\n\t\t\t\t\t<div class=\"e-con-inner\">\n\t\t\t\t<div class=\"elementor-element elementor-element-691c720 elementor-widget elementor-widget-image\" data-id=\"691c720\" data-element_type=\"widget\" data-e-type=\"widget\" data-widget_type=\"image.default\">\n\t\t\t\t\t\t\t\t\t\t\t\t\t\t\t<img fetchpriority=\"high\" decoding=\"async\" width=\"1536\" height=\"864\" src=\"https:\/\/andaluciapce.com\/wp-content\/uploads\/2026\/02\/andalucia-7-1536x864.jpg\" class=\"attachment-1536x1536 size-1536x1536 wp-image-4775\" alt=\"\" srcset=\"https:\/\/andaluciapce.com\/wp-content\/uploads\/2026\/02\/andalucia-7-1536x864.jpg 1536w, https:\/\/andaluciapce.com\/wp-content\/uploads\/2026\/02\/andalucia-7-300x169.jpg 300w, https:\/\/andaluciapce.com\/wp-content\/uploads\/2026\/02\/andalucia-7-1024x576.jpg 1024w, https:\/\/andaluciapce.com\/wp-content\/uploads\/2026\/02\/andalucia-7-768x432.jpg 768w, https:\/\/andaluciapce.com\/wp-content\/uploads\/2026\/02\/andalucia-7.jpg 1920w\" sizes=\"(max-width: 1536px) 100vw, 1536px\" \/>\t\t\t\t\t\t\t\t\t\t\t\t\t\t\t<\/div>\n\t\t\t\t\t<\/div>\n\t\t\t\t<\/div>\n\t\t<div class=\"elementor-element elementor-element-83b6994 e-flex e-con-boxed e-con e-parent\" data-id=\"83b6994\" data-element_type=\"container\" data-e-type=\"container\">\n\t\t\t\t\t<div class=\"e-con-inner\">\n\t\t<div class=\"elementor-element elementor-element-7519b2e e-con-full e-flex e-con e-child\" data-id=\"7519b2e\" data-element_type=\"container\" data-e-type=\"container\">\n\t\t\t\t<\/div>\n\t\t<div class=\"elementor-element elementor-element-71f8c90 e-con-full e-flex e-con e-child\" data-id=\"71f8c90\" data-element_type=\"container\" data-e-type=\"container\">\n\t\t\t\t<div class=\"elementor-element elementor-element-8853737 elementor-invisible elementor-widget elementor-widget-button\" data-id=\"8853737\" data-element_type=\"widget\" data-e-type=\"widget\" data-settings=\"{&quot;_animation&quot;:&quot;fadeInLeft&quot;}\" data-widget_type=\"button.default\">\n\t\t\t\t\t\t\t\t\t\t<a class=\"elementor-button elementor-button-link elementor-size-sm\" href=\"https:\/\/andaluciapce.com\/index.php\/preparation-selectividad-copy\/\">\n\t\t\t\t\t\t<span class=\"elementor-button-content-wrapper\">\n\t\t\t\t\t\t\t\t\t<span class=\"elementor-button-text\">Je souhaite \u00e9tudier en Espagne<\/span>\n\t\t\t\t\t<\/span>\n\t\t\t\t\t<\/a>\n\t\t\t\t\t\t\t\t<\/div>\n\t\t\t\t<\/div>\n\t\t\t\t\t<\/div>\n\t\t\t\t<\/div>\n\t\t<div class=\"elementor-element elementor-element-b977637 e-flex e-con-boxed e-con e-parent\" data-id=\"b977637\" data-element_type=\"container\" data-e-type=\"container\">\n\t\t\t\t\t<div class=\"e-con-inner\">\n\t\t<div class=\"elementor-element elementor-element-63c81a2 e-con-full e-flex e-con e-child\" data-id=\"63c81a2\" data-element_type=\"container\" data-e-type=\"container\">\n\t\t\t\t<div class=\"elementor-element elementor-element-b47ef02 elementor-widget elementor-widget-heading\" data-id=\"b47ef02\" data-element_type=\"widget\" data-e-type=\"widget\" data-widget_type=\"heading.default\">\n\t\t\t\t\t<h2 class=\"elementor-heading-title elementor-size-default\">Les meilleures universit\u00e9s espagnoles pour les \u00e9tudiants internationaux<\/h2>\t\t\t\t<\/div>\n\t\t\t\t<\/div>\n\t\t<div class=\"elementor-element elementor-element-215b78e e-con-full e-flex e-con e-child\" data-id=\"215b78e\" data-element_type=\"container\" data-e-type=\"container\">\n\t\t\t\t<div class=\"elementor-element elementor-element-21ba69a elementor-widget elementor-widget-text-editor\" data-id=\"21ba69a\" data-element_type=\"widget\" data-e-type=\"widget\" data-widget_type=\"text-editor.default\">\n\t\t\t\t\t\t\t\t\t<p>Ci-dessous quelques unes des meilleures universit\u00e9s espagnoles pour les \u00e9tudants internationnaux.<\/p><p>Toutes ces universit\u00e9s reconnaissent la\u00a0<a href=\"https:\/\/casadecordoba.ma\/selectividad\/\">Selectividad\u00a0<\/a>comme crit\u00e8re d\u2019admission principal.<\/p>\t\t\t\t\t\t\t\t<\/div>\n\t\t\t\t<\/div>\n\t\t\t\t\t<\/div>\n\t\t\t\t<\/div>\n\t\t<div class=\"elementor-element elementor-element-778728d e-flex e-con-boxed e-con e-parent\" data-id=\"778728d\" data-element_type=\"container\" data-e-type=\"container\">\n\t\t\t\t\t<div class=\"e-con-inner\">\n\t\t<div class=\"elementor-element elementor-element-f1b94bc e-con-full e-flex e-con e-child\" data-id=\"f1b94bc\" data-element_type=\"container\" data-e-type=\"container\">\n\t\t\t\t<div class=\"elementor-element elementor-element-8670133 elementor-invisible elementor-widget elementor-widget-image\" data-id=\"8670133\" data-element_type=\"widget\" data-e-type=\"widget\" data-settings=\"{&quot;_animation&quot;:&quot;headShake&quot;}\" data-widget_type=\"image.default\">\n\t\t\t\t\t\t\t\t\t\t\t\t\t\t\t<img decoding=\"async\" width=\"768\" height=\"1024\" src=\"https:\/\/andaluciapce.com\/wp-content\/uploads\/2026\/02\/2-3-768x1024.jpg\" class=\"attachment-large size-large wp-image-4835\" alt=\"\" srcset=\"https:\/\/andaluciapce.com\/wp-content\/uploads\/2026\/02\/2-3-768x1024.jpg 768w, https:\/\/andaluciapce.com\/wp-content\/uploads\/2026\/02\/2-3-225x300.jpg 225w, https:\/\/andaluciapce.com\/wp-content\/uploads\/2026\/02\/2-3.jpg 1080w\" sizes=\"(max-width: 768px) 100vw, 768px\" \/>\t\t\t\t\t\t\t\t\t\t\t\t\t\t\t<\/div>\n\t\t\t\t<\/div>\n\t\t<div class=\"elementor-element elementor-element-e06a18e e-con-full e-flex e-con e-child\" data-id=\"e06a18e\" data-element_type=\"container\" data-e-type=\"container\">\n\t\t\t\t<div class=\"elementor-element elementor-element-5af0402 elementor-invisible elementor-widget elementor-widget-image\" data-id=\"5af0402\" data-element_type=\"widget\" data-e-type=\"widget\" data-settings=\"{&quot;_animation&quot;:&quot;headShake&quot;}\" data-widget_type=\"image.default\">\n\t\t\t\t\t\t\t\t\t\t\t\t\t\t\t<img decoding=\"async\" width=\"768\" height=\"1024\" src=\"https:\/\/andaluciapce.com\/wp-content\/uploads\/2026\/02\/1-3-768x1024.jpg\" class=\"attachment-large size-large wp-image-4836\" alt=\"\" srcset=\"https:\/\/andaluciapce.com\/wp-content\/uploads\/2026\/02\/1-3-768x1024.jpg 768w, https:\/\/andaluciapce.com\/wp-content\/uploads\/2026\/02\/1-3-225x300.jpg 225w, https:\/\/andaluciapce.com\/wp-content\/uploads\/2026\/02\/1-3.jpg 1080w\" sizes=\"(max-width: 768px) 100vw, 768px\" \/>\t\t\t\t\t\t\t\t\t\t\t\t\t\t\t<\/div>\n\t\t\t\t<\/div>\n\t\t<div class=\"elementor-element elementor-element-5da76a9 e-con-full e-flex e-con e-child\" data-id=\"5da76a9\" data-element_type=\"container\" data-e-type=\"container\">\n\t\t\t\t<div class=\"elementor-element elementor-element-3722887 elementor-invisible elementor-widget elementor-widget-image\" data-id=\"3722887\" data-element_type=\"widget\" data-e-type=\"widget\" data-settings=\"{&quot;_animation&quot;:&quot;headShake&quot;}\" data-widget_type=\"image.default\">\n\t\t\t\t\t\t\t\t\t\t\t\t\t\t\t<img loading=\"lazy\" decoding=\"async\" width=\"768\" height=\"1024\" src=\"https:\/\/andaluciapce.com\/wp-content\/uploads\/2026\/02\/Voir-6-768x1024.jpg\" class=\"attachment-large size-large wp-image-4837\" alt=\"\" srcset=\"https:\/\/andaluciapce.com\/wp-content\/uploads\/2026\/02\/Voir-6-768x1024.jpg 768w, https:\/\/andaluciapce.com\/wp-content\/uploads\/2026\/02\/Voir-6-225x300.jpg 225w, https:\/\/andaluciapce.com\/wp-content\/uploads\/2026\/02\/Voir-6.jpg 1080w\" sizes=\"(max-width: 768px) 100vw, 768px\" \/>\t\t\t\t\t\t\t\t\t\t\t\t\t\t\t<\/div>\n\t\t\t\t<\/div>\n\t\t<div class=\"elementor-element elementor-element-83bdb1e e-con-full e-flex e-con e-child\" data-id=\"83bdb1e\" data-element_type=\"container\" data-e-type=\"container\">\n\t\t\t\t<div class=\"elementor-element elementor-element-3009498 elementor-widget elementor-widget-image\" data-id=\"3009498\" data-element_type=\"widget\" data-e-type=\"widget\" data-widget_type=\"image.default\">\n\t\t\t\t\t\t\t\t\t\t\t\t\t\t\t<img loading=\"lazy\" decoding=\"async\" width=\"768\" height=\"1024\" src=\"https:\/\/andaluciapce.com\/wp-content\/uploads\/2026\/02\/4-2-768x1024.jpg\" class=\"attachment-large size-large wp-image-4845\" alt=\"\" srcset=\"https:\/\/andaluciapce.com\/wp-content\/uploads\/2026\/02\/4-2-768x1024.jpg 768w, https:\/\/andaluciapce.com\/wp-content\/uploads\/2026\/02\/4-2-225x300.jpg 225w, https:\/\/andaluciapce.com\/wp-content\/uploads\/2026\/02\/4-2.jpg 1080w\" sizes=\"(max-width: 768px) 100vw, 768px\" \/>\t\t\t\t\t\t\t\t\t\t\t\t\t\t\t<\/div>\n\t\t\t\t<\/div>\n\t\t<div class=\"elementor-element elementor-element-98ec931 e-con-full e-flex e-con e-child\" data-id=\"98ec931\" data-element_type=\"container\" data-e-type=\"container\">\n\t\t\t\t<div class=\"elementor-element elementor-element-fc58d1d elementor-widget elementor-widget-image\" data-id=\"fc58d1d\" data-element_type=\"widget\" data-e-type=\"widget\" data-widget_type=\"image.default\">\n\t\t\t\t\t\t\t\t\t\t\t\t\t\t\t<img loading=\"lazy\" decoding=\"async\" width=\"768\" height=\"1024\" src=\"https:\/\/andaluciapce.com\/wp-content\/uploads\/2026\/02\/Voir-3-768x1024.png\" class=\"attachment-large size-large wp-image-4849\" alt=\"\" srcset=\"https:\/\/andaluciapce.com\/wp-content\/uploads\/2026\/02\/Voir-3-768x1024.png 768w, https:\/\/andaluciapce.com\/wp-content\/uploads\/2026\/02\/Voir-3-225x300.png 225w, https:\/\/andaluciapce.com\/wp-content\/uploads\/2026\/02\/Voir-3.png 1080w\" sizes=\"(max-width: 768px) 100vw, 768px\" \/>\t\t\t\t\t\t\t\t\t\t\t\t\t\t\t<\/div>\n\t\t\t\t<\/div>\n\t\t<div class=\"elementor-element elementor-element-580fbc9 e-con-full e-flex e-con e-child\" data-id=\"580fbc9\" data-element_type=\"container\" data-e-type=\"container\">\n\t\t\t\t<div class=\"elementor-element elementor-element-ec65ccd elementor-widget elementor-widget-image\" data-id=\"ec65ccd\" data-element_type=\"widget\" data-e-type=\"widget\" data-widget_type=\"image.default\">\n\t\t\t\t\t\t\t\t\t\t\t\t\t\t\t<img loading=\"lazy\" decoding=\"async\" width=\"768\" height=\"1024\" src=\"https:\/\/andaluciapce.com\/wp-content\/uploads\/2026\/02\/Voir-4-768x1024.png\" class=\"attachment-large size-large wp-image-4853\" alt=\"\" srcset=\"https:\/\/andaluciapce.com\/wp-content\/uploads\/2026\/02\/Voir-4-768x1024.png 768w, https:\/\/andaluciapce.com\/wp-content\/uploads\/2026\/02\/Voir-4-225x300.png 225w, https:\/\/andaluciapce.com\/wp-content\/uploads\/2026\/02\/Voir-4.png 1080w\" sizes=\"(max-width: 768px) 100vw, 768px\" \/>\t\t\t\t\t\t\t\t\t\t\t\t\t\t\t<\/div>\n\t\t\t\t<\/div>\n\t\t\t\t\t<\/div>\n\t\t\t\t<\/div>\n\t\t<div class=\"elementor-element elementor-element-f8de902 e-flex e-con-boxed e-con e-parent\" data-id=\"f8de902\" data-element_type=\"container\" data-e-type=\"container\">\n\t\t\t\t\t<div class=\"e-con-inner\">\n\t\t<div class=\"elementor-element elementor-element-9b3992e e-con-full e-flex e-con e-child\" data-id=\"9b3992e\" data-element_type=\"container\" data-e-type=\"container\">\n\t\t\t\t<div class=\"elementor-element elementor-element-680c8fb elementor-invisible elementor-widget elementor-widget-heading\" data-id=\"680c8fb\" data-element_type=\"widget\" data-e-type=\"widget\" data-settings=\"{&quot;_animation&quot;:&quot;fadeInLeft&quot;}\" data-widget_type=\"heading.default\">\n\t\t\t\t\t<h2 class=\"elementor-heading-title elementor-size-default\">Classement des universit\u00e9s espagnoles<\/h2>\t\t\t\t<\/div>\n\t\t\t\t<\/div>\n\t\t<div class=\"elementor-element elementor-element-23eda8f e-con-full e-flex e-con e-child\" data-id=\"23eda8f\" data-element_type=\"container\" data-e-type=\"container\">\n\t\t\t\t<div class=\"elementor-element elementor-element-1299b46 elementor-invisible elementor-widget elementor-widget-text-editor\" data-id=\"1299b46\" data-element_type=\"widget\" data-e-type=\"widget\" data-settings=\"{&quot;_animation&quot;:&quot;bounceInRight&quot;}\" data-widget_type=\"text-editor.default\">\n\t\t\t\t\t\t\t\t\t<p>Selon le Center for World University Rankings (<a href=\"https:\/\/cwur.org\/2025.php\">CWUR<\/a>) 2025 : l\u2019Espagne compte 53 universit\u00e9s figurant dans le classement mondial des 2 000 meilleures institutions.<\/p><p>Selon le ShanghaiRanking Consultancy (<a href=\"https:\/\/www.shanghairanking.com\/rankings\/arwu\/2025\">ARWU<\/a>) 2025 (\u00ab classement de Shanghai \u00bb) : 36 universit\u00e9s espagnoles sont dans le top 1 000 mondial.<\/p>\t\t\t\t\t\t\t\t<\/div>\n\t\t\t\t<\/div>\n\t\t\t\t\t<\/div>\n\t\t\t\t<\/div>\n\t\t<div class=\"elementor-element elementor-element-bd9dd77 e-flex e-con-boxed e-con e-parent\" data-id=\"bd9dd77\" data-element_type=\"container\" data-e-type=\"container\">\n\t\t\t\t\t<div class=\"e-con-inner\">\n\t\t\t\t<div class=\"elementor-element elementor-element-98cd750 elementor-widget elementor-widget-image\" data-id=\"98cd750\" data-element_type=\"widget\" data-e-type=\"widget\" data-widget_type=\"image.default\">\n\t\t\t\t\t\t\t\t\t\t\t\t\t\t\t<img loading=\"lazy\" decoding=\"async\" width=\"800\" height=\"626\" src=\"https:\/\/andaluciapce.com\/wp-content\/uploads\/2026\/02\/Capture-1-1.png\" class=\"attachment-large size-large wp-image-4801\" alt=\"\" srcset=\"https:\/\/andaluciapce.com\/wp-content\/uploads\/2026\/02\/Capture-1-1.png 908w, https:\/\/andaluciapce.com\/wp-content\/uploads\/2026\/02\/Capture-1-1-300x235.png 300w, https:\/\/andaluciapce.com\/wp-content\/uploads\/2026\/02\/Capture-1-1-768x601.png 768w\" sizes=\"(max-width: 800px) 100vw, 800px\" \/>\t\t\t\t\t\t\t\t\t\t\t\t\t\t\t<\/div>\n\t\t\t\t\t<\/div>\n\t\t\t\t<\/div>\n\t\t<div class=\"elementor-element elementor-element-191d6a9 e-flex e-con-boxed e-con e-parent\" data-id=\"191d6a9\" data-element_type=\"container\" data-e-type=\"container\">\n\t\t\t\t\t<div class=\"e-con-inner\">\n\t\t\t\t<div class=\"elementor-element elementor-element-6a75796 elementor-widget elementor-widget-image\" data-id=\"6a75796\" data-element_type=\"widget\" data-e-type=\"widget\" data-widget_type=\"image.default\">\n\t\t\t\t\t\t\t\t\t\t\t\t\t\t\t<img loading=\"lazy\" decoding=\"async\" width=\"800\" height=\"644\" src=\"https:\/\/andaluciapce.com\/wp-content\/uploads\/2026\/02\/Capture-2-1.png\" class=\"attachment-large size-large wp-image-4802\" alt=\"\" srcset=\"https:\/\/andaluciapce.com\/wp-content\/uploads\/2026\/02\/Capture-2-1.png 917w, https:\/\/andaluciapce.com\/wp-content\/uploads\/2026\/02\/Capture-2-1-300x241.png 300w, https:\/\/andaluciapce.com\/wp-content\/uploads\/2026\/02\/Capture-2-1-768x618.png 768w\" sizes=\"(max-width: 800px) 100vw, 800px\" \/>\t\t\t\t\t\t\t\t\t\t\t\t\t\t\t<\/div>\n\t\t\t\t\t<\/div>\n\t\t\t\t<\/div>\n\t\t<div class=\"elementor-element elementor-element-60c5a14 e-flex e-con-boxed e-con e-parent\" data-id=\"60c5a14\" data-element_type=\"container\" data-e-type=\"container\">\n\t\t\t\t\t<div class=\"e-con-inner\">\n\t\t\t\t<div class=\"elementor-element elementor-element-c790e46 elementor-widget elementor-widget-image\" data-id=\"c790e46\" data-element_type=\"widget\" data-e-type=\"widget\" data-widget_type=\"image.default\">\n\t\t\t\t\t\t\t\t\t\t\t\t\t\t\t<img loading=\"lazy\" decoding=\"async\" width=\"800\" height=\"608\" src=\"https:\/\/andaluciapce.com\/wp-content\/uploads\/2026\/02\/Capture3.png\" class=\"attachment-large size-large wp-image-4803\" alt=\"\" srcset=\"https:\/\/andaluciapce.com\/wp-content\/uploads\/2026\/02\/Capture3.png 914w, https:\/\/andaluciapce.com\/wp-content\/uploads\/2026\/02\/Capture3-300x228.png 300w, https:\/\/andaluciapce.com\/wp-content\/uploads\/2026\/02\/Capture3-768x584.png 768w\" sizes=\"(max-width: 800px) 100vw, 800px\" \/>\t\t\t\t\t\t\t\t\t\t\t\t\t\t\t<\/div>\n\t\t\t\t\t<\/div>\n\t\t\t\t<\/div>\n\t\t<div class=\"elementor-element elementor-element-e0f707b e-flex e-con-boxed e-con e-parent\" data-id=\"e0f707b\" data-element_type=\"container\" data-e-type=\"container\">\n\t\t\t\t\t<div class=\"e-con-inner\">\n\t\t\t\t<div class=\"elementor-element elementor-element-2c61206 elementor-widget elementor-widget-image\" data-id=\"2c61206\" data-element_type=\"widget\" data-e-type=\"widget\" data-widget_type=\"image.default\">\n\t\t\t\t\t\t\t\t\t\t\t\t\t\t\t<img loading=\"lazy\" decoding=\"async\" width=\"800\" height=\"689\" src=\"https:\/\/andaluciapce.com\/wp-content\/uploads\/2026\/02\/Capture4-1.png\" class=\"attachment-large size-large wp-image-4807\" alt=\"\" srcset=\"https:\/\/andaluciapce.com\/wp-content\/uploads\/2026\/02\/Capture4-1.png 914w, https:\/\/andaluciapce.com\/wp-content\/uploads\/2026\/02\/Capture4-1-300x258.png 300w, https:\/\/andaluciapce.com\/wp-content\/uploads\/2026\/02\/Capture4-1-768x661.png 768w\" sizes=\"(max-width: 800px) 100vw, 800px\" \/>\t\t\t\t\t\t\t\t\t\t\t\t\t\t\t<\/div>\n\t\t\t\t\t<\/div>\n\t\t\t\t<\/div>\n\t\t<div class=\"elementor-element elementor-element-55c2521 e-flex e-con-boxed e-con e-parent\" data-id=\"55c2521\" data-element_type=\"container\" data-e-type=\"container\">\n\t\t\t\t\t<div class=\"e-con-inner\">\n\t\t\t\t<div class=\"elementor-element elementor-element-5fd119c elementor-widget elementor-widget-image\" data-id=\"5fd119c\" data-element_type=\"widget\" data-e-type=\"widget\" data-widget_type=\"image.default\">\n\t\t\t\t\t\t\t\t\t\t\t\t\t\t\t<img loading=\"lazy\" decoding=\"async\" width=\"800\" height=\"509\" src=\"https:\/\/andaluciapce.com\/wp-content\/uploads\/2026\/02\/Capture5.png\" class=\"attachment-large size-large wp-image-4808\" alt=\"\" srcset=\"https:\/\/andaluciapce.com\/wp-content\/uploads\/2026\/02\/Capture5.png 912w, https:\/\/andaluciapce.com\/wp-content\/uploads\/2026\/02\/Capture5-300x191.png 300w, https:\/\/andaluciapce.com\/wp-content\/uploads\/2026\/02\/Capture5-768x488.png 768w\" sizes=\"(max-width: 800px) 100vw, 800px\" \/>\t\t\t\t\t\t\t\t\t\t\t\t\t\t\t<\/div>\n\t\t\t\t\t<\/div>\n\t\t\t\t<\/div>\n\t\t<div class=\"elementor-element elementor-element-2e0b2bd e-flex e-con-boxed e-con e-parent\" data-id=\"2e0b2bd\" data-element_type=\"container\" data-e-type=\"container\">\n\t\t\t\t\t<div class=\"e-con-inner\">\n\t\t<div class=\"elementor-element elementor-element-65ef0f8 e-con-full e-flex e-con e-child\" data-id=\"65ef0f8\" data-element_type=\"container\" data-e-type=\"container\">\n\t\t\t\t<div class=\"elementor-element elementor-element-51398a4 elementor-invisible elementor-widget elementor-widget-heading\" data-id=\"51398a4\" data-element_type=\"widget\" data-e-type=\"widget\" data-settings=\"{&quot;_animation&quot;:&quot;slideInLeft&quot;}\" data-widget_type=\"heading.default\">\n\t\t\t\t\t<h2 class=\"elementor-heading-title elementor-size-default\">Un syst\u00e8me universitaire en forte croissance<\/h2>\t\t\t\t<\/div>\n\t\t\t\t<\/div>\n\t\t<div class=\"elementor-element elementor-element-76f9317 e-con-full e-flex e-con e-child\" data-id=\"76f9317\" data-element_type=\"container\" data-e-type=\"container\">\n\t\t\t\t<div class=\"elementor-element elementor-element-7512c84 elementor-invisible elementor-widget elementor-widget-text-editor\" data-id=\"7512c84\" data-element_type=\"widget\" data-e-type=\"widget\" data-settings=\"{&quot;_animation&quot;:&quot;slideInRight&quot;}\" data-widget_type=\"text-editor.default\">\n\t\t\t\t\t\t\t\t\t<p>L\u2019Espagne est le pays d\u2019Europe o\u00f9 la croissance des \u00e9tudiants \u00e9trangers est la plus rapide. Chaque ann\u00e9e des centaines de milliers d\u2019\u00e9tudiants\u00a0partent \u00e9tudier en Espagne.<\/p>\t\t\t\t\t\t\t\t<\/div>\n\t\t\t\t<\/div>\n\t\t\t\t\t<\/div>\n\t\t\t\t<\/div>\n\t\t<div class=\"elementor-element elementor-element-18fd5a0 e-flex e-con-boxed e-con e-parent\" data-id=\"18fd5a0\" data-element_type=\"container\" data-e-type=\"container\">\n\t\t\t\t\t<div class=\"e-con-inner\">\n\t\t<div class=\"elementor-element elementor-element-02f2ade e-con-full e-flex e-con e-child\" data-id=\"02f2ade\" data-element_type=\"container\" data-e-type=\"container\">\n\t\t\t\t<div class=\"elementor-element elementor-element-167e5e6 elementor-invisible elementor-widget elementor-widget-image\" data-id=\"167e5e6\" data-element_type=\"widget\" data-e-type=\"widget\" data-settings=\"{&quot;_animation&quot;:&quot;rollIn&quot;}\" data-widget_type=\"image.default\">\n\t\t\t\t\t\t\t\t\t\t\t\t\t\t\t<img loading=\"lazy\" decoding=\"async\" width=\"539\" height=\"421\" src=\"https:\/\/andaluciapce.com\/wp-content\/uploads\/2026\/02\/Capture6.png\" class=\"attachment-large size-large wp-image-4830\" alt=\"\" srcset=\"https:\/\/andaluciapce.com\/wp-content\/uploads\/2026\/02\/Capture6.png 539w, https:\/\/andaluciapce.com\/wp-content\/uploads\/2026\/02\/Capture6-300x234.png 300w\" sizes=\"(max-width: 539px) 100vw, 539px\" \/>\t\t\t\t\t\t\t\t\t\t\t\t\t\t\t<\/div>\n\t\t\t\t<\/div>\n\t\t<div class=\"elementor-element elementor-element-c20b747 e-con-full e-flex e-con e-child\" data-id=\"c20b747\" data-element_type=\"container\" data-e-type=\"container\">\n\t\t\t\t<div class=\"elementor-element elementor-element-6137924 elementor-invisible elementor-widget elementor-widget-image\" data-id=\"6137924\" data-element_type=\"widget\" data-e-type=\"widget\" data-settings=\"{&quot;_animation&quot;:&quot;rollIn&quot;}\" data-widget_type=\"image.default\">\n\t\t\t\t\t\t\t\t\t\t\t\t\t\t\t<img loading=\"lazy\" decoding=\"async\" width=\"768\" height=\"576\" src=\"https:\/\/andaluciapce.com\/wp-content\/uploads\/2026\/02\/campus-cantoblanco-min-768x576-1.webp\" class=\"attachment-large size-large wp-image-4831\" alt=\"\" srcset=\"https:\/\/andaluciapce.com\/wp-content\/uploads\/2026\/02\/campus-cantoblanco-min-768x576-1.webp 768w, https:\/\/andaluciapce.com\/wp-content\/uploads\/2026\/02\/campus-cantoblanco-min-768x576-1-300x225.webp 300w\" sizes=\"(max-width: 768px) 100vw, 768px\" \/>\t\t\t\t\t\t\t\t\t\t\t\t\t\t\t<\/div>\n\t\t\t\t<\/div>\n\t\t\t\t\t<\/div>\n\t\t\t\t<\/div>\n\t\t<div class=\"elementor-element elementor-element-81b5e09 e-flex e-con-boxed e-con e-parent\" data-id=\"81b5e09\" data-element_type=\"container\" data-e-type=\"container\">\n\t\t\t\t\t<div class=\"e-con-inner\">\n\t\t\t\t<div class=\"elementor-element elementor-element-25e5f1a elementor-widget elementor-widget-image\" data-id=\"25e5f1a\" data-element_type=\"widget\" data-e-type=\"widget\" data-widget_type=\"image.default\">\n\t\t\t\t\t\t\t\t\t\t\t\t\t\t\t<img loading=\"lazy\" decoding=\"async\" width=\"1536\" height=\"864\" src=\"https:\/\/andaluciapce.com\/wp-content\/uploads\/2026\/02\/35907374-7954-4775-a334-eeae4a4f8ae3-1536x864.jpg\" class=\"attachment-1536x1536 size-1536x1536 wp-image-4857\" alt=\"\" srcset=\"https:\/\/andaluciapce.com\/wp-content\/uploads\/2026\/02\/35907374-7954-4775-a334-eeae4a4f8ae3-1536x864.jpg 1536w, https:\/\/andaluciapce.com\/wp-content\/uploads\/2026\/02\/35907374-7954-4775-a334-eeae4a4f8ae3-300x169.jpg 300w, https:\/\/andaluciapce.com\/wp-content\/uploads\/2026\/02\/35907374-7954-4775-a334-eeae4a4f8ae3-1024x576.jpg 1024w, https:\/\/andaluciapce.com\/wp-content\/uploads\/2026\/02\/35907374-7954-4775-a334-eeae4a4f8ae3-768x432.jpg 768w, https:\/\/andaluciapce.com\/wp-content\/uploads\/2026\/02\/35907374-7954-4775-a334-eeae4a4f8ae3-2048x1152.jpg 2048w\" sizes=\"(max-width: 1536px) 100vw, 1536px\" \/>\t\t\t\t\t\t\t\t\t\t\t\t\t\t\t<\/div>\n\t\t\t\t\t<\/div>\n\t\t\t\t<\/div>\n\t\t<div class=\"elementor-element elementor-element-f481ffe e-flex e-con-boxed e-con e-parent\" data-id=\"f481ffe\" data-element_type=\"container\" data-e-type=\"container\">\n\t\t\t\t\t<div class=\"e-con-inner\">\n\t\t\t\t<div class=\"elementor-element elementor-element-8fb98fb elementor-widget elementor-widget-heading\" data-id=\"8fb98fb\" data-element_type=\"widget\" data-e-type=\"widget\" data-widget_type=\"heading.default\">\n\t\t\t\t\t<h1 class=\"elementor-heading-title elementor-size-default\">Pars \u00e9tudier, vis, d\u00e9couvre : l\u2019Espagne t\u2019appelle !<\/h1>\t\t\t\t<\/div>\n\t\t\t\t\t<\/div>\n\t\t\t\t<\/div>\n\t\t<div class=\"elementor-element elementor-element-9572744 e-flex e-con-boxed e-con e-parent\" data-id=\"9572744\" data-element_type=\"container\" data-e-type=\"container\">\n\t\t\t\t\t<div class=\"e-con-inner\">\n\t\t\t\t<div class=\"elementor-element elementor-element-17389f0 elementor-align-center elementor-widget elementor-widget-button\" data-id=\"17389f0\" data-element_type=\"widget\" data-e-type=\"widget\" data-widget_type=\"button.default\">\n\t\t\t\t\t\t\t\t\t\t<a class=\"elementor-button elementor-button-link elementor-size-sm\" href=\"https:\/\/andaluciapce.com\/index.php\/contact\/\">\n\t\t\t\t\t\t<span class=\"elementor-button-content-wrapper\">\n\t\t\t\t\t\t\t\t\t<span class=\"elementor-button-text\">Prendre Contact<\/span>\n\t\t\t\t\t<\/span>\n\t\t\t\t\t<\/a>\n\t\t\t\t\t\t\t\t<\/div>\n\t\t\t\t\t<\/div>\n\t\t\t\t<\/div>\n\t\t\t\t<\/div>\n\t\t","protected":false},"excerpt":{"rendered":"<p>Je souhaite \u00e9tudier en Espagne Les meilleures universit\u00e9s espagnoles pour les \u00e9tudiants internationaux Ci-dessous quelques unes des meilleures universit\u00e9s espagnoles pour les \u00e9tudants internationnaux. Toutes ces universit\u00e9s reconnaissent la\u00a0Selectividad\u00a0comme crit\u00e8re d\u2019admission principal. Classement des universit\u00e9s espagnoles Selon le Center for World University Rankings (CWUR) 2025 : l\u2019Espagne compte 53 universit\u00e9s figurant dans le classement mondial [&hellip;]<\/p>\n","protected":false},"author":1,"featured_media":0,"parent":0,"menu_order":0,"comment_status":"closed","ping_status":"closed","template":"elementor_canvas","meta":{"footnotes":""},"class_list":["post-4763","page","type-page","status-publish","hentry"],"_links":{"self":[{"href":"https:\/\/andaluciapce.com\/index.php\/wp-json\/wp\/v2\/pages\/4763","targetHints":{"allow":["GET"]}}],"collection":[{"href":"https:\/\/andaluciapce.com\/index.php\/wp-json\/wp\/v2\/pages"}],"about":[{"href":"https:\/\/andaluciapce.com\/index.php\/wp-json\/wp\/v2\/types\/page"}],"author":[{"embeddable":true,"href":"https:\/\/andaluciapce.com\/index.php\/wp-json\/wp\/v2\/users\/1"}],"replies":[{"embeddable":true,"href":"https:\/\/andaluciapce.com\/index.php\/wp-json\/wp\/v2\/comments?post=4763"}],"version-history":[{"count":84,"href":"https:\/\/andaluciapce.com\/index.php\/wp-json\/wp\/v2\/pages\/4763\/revisions"}],"predecessor-version":[{"id":4886,"href":"https:\/\/andaluciapce.com\/index.php\/wp-json\/wp\/v2\/pages\/4763\/revisions\/4886"}],"wp:attachment":[{"href":"https:\/\/andaluciapce.com\/index.php\/wp-json\/wp\/v2\/media?parent=4763"}],"curies":[{"name":"wp","href":"https:\/\/api.w.org\/{rel}","templated":true}]}}