{"id":5294,"date":"2026-05-15T16:42:10","date_gmt":"2026-05-15T16:42:10","guid":{"rendered":"https:\/\/andaluciapce.com\/?page_id=5294"},"modified":"2026-05-15T17:30:07","modified_gmt":"2026-05-15T17:30:07","slug":"universites-espagnoles","status":"publish","type":"page","link":"https:\/\/andaluciapce.com\/index.php\/universites-espagnoles\/","title":{"rendered":"Universit\u00e9s espagnoles"},"content":{"rendered":"\t\t<div data-elementor-type=\"wp-page\" data-elementor-id=\"5294\" class=\"elementor elementor-5294\">\n\t\t\t\t<div class=\"elementor-element elementor-element-423285c2 e-con-full e-flex e-con e-parent\" data-id=\"423285c2\" data-element_type=\"container\" data-e-type=\"container\">\n\t\t<div class=\"elementor-element elementor-element-3531fae1 e-flex e-con-boxed e-con e-child\" data-id=\"3531fae1\" data-element_type=\"container\" data-e-type=\"container\" data-settings=\"{&quot;background_background&quot;:&quot;classic&quot;}\">\n\t\t\t\t\t<div class=\"e-con-inner\">\n\t\t<div class=\"elementor-element elementor-element-711c6a1f e-con-full e-flex e-con e-child\" data-id=\"711c6a1f\" data-element_type=\"container\" data-e-type=\"container\">\n\t\t\t\t<div class=\"elementor-element elementor-element-2bd1cd74 elementor-invisible elementor-widget elementor-widget-jkit_post_title\" data-id=\"2bd1cd74\" data-element_type=\"widget\" data-e-type=\"widget\" data-settings=\"{&quot;_animation&quot;:&quot;fadeInDown&quot;}\" data-widget_type=\"jkit_post_title.default\">\n\t\t\t\t\t<div  class=\"jeg-elementor-kit jkit-post-title jeg_module___6a079fe1cfe87\" ><h1 class=\"post-title style-color \">Universit\u00e9s espagnoles<\/h1><\/div>\t\t\t\t<\/div>\n\t\t\t\t<\/div>\n\t\t\t\t\t<\/div>\n\t\t\t\t<\/div>\n\t\t\t\t\t\t\t<h2 \n\t\tdata-interaction-id=\"0bc8eed\" \n\t\tclass=\"e-heading-base\" \n\t\t \n\t\t\n\t>\n\t\n\t\t\tD\u00e9couvrir les universit\u00e9s\n\t\t<\/h2>\n\t\t\t\t<\/div>\n\t\t<div class=\"elementor-element elementor-element-dd6ca0 e-flex e-con-boxed e-con e-parent\" data-id=\"dd6ca0\" data-element_type=\"container\" data-e-type=\"container\">\n\t\t\t\t\t<div class=\"e-con-inner\">\n\t\t<div class=\"elementor-element elementor-element-74dd311 e-con-full e-flex e-con e-child\" data-id=\"74dd311\" data-element_type=\"container\" data-e-type=\"container\">\n\t\t\t\t<div class=\"elementor-element elementor-element-7749f8e9 elementor-drop-cap-yes elementor-drop-cap-view-default elementor-widget elementor-widget-text-editor\" data-id=\"7749f8e9\" data-element_type=\"widget\" data-e-type=\"widget\" data-settings=\"{&quot;drop_cap&quot;:&quot;yes&quot;}\" data-widget_type=\"text-editor.default\">\n\t\t\t\t\t\t\t\t\t<p>L\u2019Espagne est aujourd\u2019hui l\u2019une des destinations les plus attractives pour les \u00e9tudiants marocains souhaitant poursuivre leurs \u00e9tudes sup\u00e9rieures en Europe. Gr\u00e2ce \u00e0 des universit\u00e9s reconnues, des frais de scolarit\u00e9 accessibles et une proximit\u00e9 culturelle importante, les universit\u00e9s espagnoles offrent un excellent environnement acad\u00e9mique et professionnel.<\/p><p>Les \u00e9tudiants peuvent acc\u00e9der \u00e0 plusieurs fili\u00e8res telles que la m\u00e9decine, l\u2019ing\u00e9nierie, l\u2019architecture, le commerce, l\u2019informatique ou encore les sciences \u00e9conomiques gr\u00e2ce \u00e0 la pr\u00e9paration Selectividad \/ PCE.<\/p>\t\t\t\t\t\t\t\t<\/div>\n\t\t\t\t<div class=\"elementor-element elementor-element-15634c8 elementor-widget elementor-widget-image\" data-id=\"15634c8\" data-element_type=\"widget\" data-e-type=\"widget\" data-widget_type=\"image.default\">\n\t\t\t\t\t\t\t\t\t\t\t\t\t\t\t<img fetchpriority=\"high\" decoding=\"async\" width=\"800\" height=\"336\" src=\"https:\/\/andaluciapce.com\/wp-content\/uploads\/2026\/05\/Screenshot-2026-05-15-at-17.50.20-1024x430.png\" class=\"attachment-large size-large wp-image-5309\" alt=\"\" srcset=\"https:\/\/andaluciapce.com\/wp-content\/uploads\/2026\/05\/Screenshot-2026-05-15-at-17.50.20-1024x430.png 1024w, https:\/\/andaluciapce.com\/wp-content\/uploads\/2026\/05\/Screenshot-2026-05-15-at-17.50.20-300x126.png 300w, https:\/\/andaluciapce.com\/wp-content\/uploads\/2026\/05\/Screenshot-2026-05-15-at-17.50.20-768x322.png 768w, https:\/\/andaluciapce.com\/wp-content\/uploads\/2026\/05\/Screenshot-2026-05-15-at-17.50.20.png 1254w\" sizes=\"(max-width: 800px) 100vw, 800px\" \/>\t\t\t\t\t\t\t\t\t\t\t\t\t\t\t<\/div>\n\t\t\t\t<div class=\"elementor-element elementor-element-0b80f9e elementor-widget elementor-widget-image\" data-id=\"0b80f9e\" data-element_type=\"widget\" data-e-type=\"widget\" data-widget_type=\"image.default\">\n\t\t\t\t\t\t\t\t\t\t\t\t\t\t\t<img decoding=\"async\" width=\"800\" height=\"329\" src=\"https:\/\/andaluciapce.com\/wp-content\/uploads\/2026\/05\/Screenshot-2026-05-15-at-17.50.08-1024x421.png\" class=\"attachment-large size-large wp-image-5308\" alt=\"\" srcset=\"https:\/\/andaluciapce.com\/wp-content\/uploads\/2026\/05\/Screenshot-2026-05-15-at-17.50.08-1024x421.png 1024w, https:\/\/andaluciapce.com\/wp-content\/uploads\/2026\/05\/Screenshot-2026-05-15-at-17.50.08-300x123.png 300w, https:\/\/andaluciapce.com\/wp-content\/uploads\/2026\/05\/Screenshot-2026-05-15-at-17.50.08-768x316.png 768w, https:\/\/andaluciapce.com\/wp-content\/uploads\/2026\/05\/Screenshot-2026-05-15-at-17.50.08.png 1257w\" sizes=\"(max-width: 800px) 100vw, 800px\" \/>\t\t\t\t\t\t\t\t\t\t\t\t\t\t\t<\/div>\n\t\t\t\t<div class=\"elementor-element elementor-element-4e474a71 elementor-widget__width-inherit elementor-widget elementor-widget-heading\" data-id=\"4e474a71\" data-element_type=\"widget\" data-e-type=\"widget\" data-widget_type=\"heading.default\">\n\t\t\t\t\t<h2 class=\"elementor-heading-title elementor-size-default\">Pourquoi choisir une universit\u00e9 espagnole ?<\/h2>\t\t\t\t<\/div>\n\t\t\t\t<div class=\"elementor-element elementor-element-756b89df elementor-widget elementor-widget-text-editor\" data-id=\"756b89df\" data-element_type=\"widget\" data-e-type=\"widget\" data-widget_type=\"text-editor.default\">\n\t\t\t\t\t\t\t\t\t<h5 data-section-id=\"1tqzwl5\" data-start=\"1724\" data-end=\"1749\">Universit\u00e9s reconnues<\/h5><blockquote data-start=\"1750\" data-end=\"1866\"><p data-start=\"1752\" data-end=\"1866\">Les universit\u00e9s espagnoles sont reconnues dans toute l\u2019Europe et proposent des dipl\u00f4mes de qualit\u00e9 internationale.<\/p><\/blockquote><hr data-start=\"1868\" data-end=\"1871\" \/><h5 data-section-id=\"afrxpf\" data-start=\"1873\" data-end=\"1892\">Co\u00fbt accessible<\/h5><blockquote data-start=\"1893\" data-end=\"2015\"><p data-start=\"1895\" data-end=\"2015\">Les frais universitaires et le co\u00fbt de vie en Espagne restent plus accessibles que dans plusieurs autres pays europ\u00e9ens.<\/p><\/blockquote><hr data-start=\"2017\" data-end=\"2020\" \/><h5 data-section-id=\"1es235b\" data-start=\"2022\" data-end=\"2048\">Opportunit\u00e9s en Europe<\/h5><blockquote data-start=\"2049\" data-end=\"2140\"><p data-start=\"2051\" data-end=\"2140\">Les dipl\u00f4mes espagnols ouvrent les portes du march\u00e9 du travail europ\u00e9en et international.<\/p><\/blockquote><hr data-start=\"2142\" data-end=\"2145\" \/><h5 data-section-id=\"hscys0\" data-start=\"2147\" data-end=\"2174\">Vie \u00e9tudiante dynamique<\/h5><blockquote data-start=\"2175\" data-end=\"2301\"><p data-start=\"2177\" data-end=\"2301\">Les \u00e9tudiants profitent d\u2019une exp\u00e9rience culturelle riche, d\u2019un environnement chaleureux et d\u2019une vie universitaire moderne.<\/p><\/blockquote>\t\t\t\t\t\t\t\t<\/div>\n\t\t\t\t\t\t\t<h2 \n\t\tdata-interaction-id=\"12f6978\" \n\t\tclass=\"e-heading-base\" \n\t\t \n\t\t\n\t>\n\t\n\t\t\t<strong>Classement des universit\u00e9s espagnoles<\/strong>\n\t\t<\/h2>\n\t\t\t\t\t\t\t\n\t\t\t<img class=\"e-image-base \" \n\t\t\t\t\tdata-interaction-id=\"4cd1d6d\" \n\t\t \n\t\t \n\t\t\t\t\t\t\t\t\tid=\"5313\"\n\t\t\t\t\t\t\t\t\t\t\t\tsrc=\"https:\/\/andaluciapce.com\/wp-content\/uploads\/2026\/05\/Capture-1-1-2.png\"\n\t\t\t\t\t\t\t\t\t\t\t\twidth=\"908\"\n\t\t\t\t\t\t\t\t\t\t\t\theight=\"711\"\n\t\t\t\t\t\t\t\t\t\t\t\tsrcset=\"https:\/\/andaluciapce.com\/wp-content\/uploads\/2026\/05\/Capture-1-1-2.png 908w, https:\/\/andaluciapce.com\/wp-content\/uploads\/2026\/05\/Capture-1-1-2-300x235.png 300w, https:\/\/andaluciapce.com\/wp-content\/uploads\/2026\/05\/Capture-1-1-2-768x601.png 768w\"\n\t\t\t\t\t\t\t\t\t\t\t\talt=\"\"\n\t\t\t\t\t\t\/>\n\t\t\t\t\t\t\t\t\n\t\t\t<img class=\"e-image-base \" \n\t\t\t\t\tdata-interaction-id=\"c0e3e4f\" \n\t\t \n\t\t \n\t\t\t\t\t\t\t\t\tid=\"5314\"\n\t\t\t\t\t\t\t\t\t\t\t\tsrc=\"https:\/\/andaluciapce.com\/wp-content\/uploads\/2026\/05\/Capture-2-1.png\"\n\t\t\t\t\t\t\t\t\t\t\t\twidth=\"917\"\n\t\t\t\t\t\t\t\t\t\t\t\theight=\"738\"\n\t\t\t\t\t\t\t\t\t\t\t\tsrcset=\"https:\/\/andaluciapce.com\/wp-content\/uploads\/2026\/05\/Capture-2-1.png 917w, https:\/\/andaluciapce.com\/wp-content\/uploads\/2026\/05\/Capture-2-1-300x241.png 300w, https:\/\/andaluciapce.com\/wp-content\/uploads\/2026\/05\/Capture-2-1-768x618.png 768w\"\n\t\t\t\t\t\t\t\t\t\t\t\talt=\"\"\n\t\t\t\t\t\t\/>\n\t\t\t\t\t<div class=\"elementor-element elementor-element-01ebe2b elementor-widget elementor-widget-image\" data-id=\"01ebe2b\" data-element_type=\"widget\" data-e-type=\"widget\" data-widget_type=\"image.default\">\n\t\t\t\t\t\t\t\t\t\t\t\t\t\t\t<img decoding=\"async\" width=\"800\" height=\"608\" src=\"https:\/\/andaluciapce.com\/wp-content\/uploads\/2026\/05\/Capture3.png\" class=\"attachment-large size-large wp-image-5315\" alt=\"\" srcset=\"https:\/\/andaluciapce.com\/wp-content\/uploads\/2026\/05\/Capture3.png 914w, https:\/\/andaluciapce.com\/wp-content\/uploads\/2026\/05\/Capture3-300x228.png 300w, https:\/\/andaluciapce.com\/wp-content\/uploads\/2026\/05\/Capture3-768x584.png 768w\" sizes=\"(max-width: 800px) 100vw, 800px\" \/>\t\t\t\t\t\t\t\t\t\t\t\t\t\t\t<\/div>\n\t\t\t\t<div class=\"elementor-element elementor-element-1af3024 elementor-widget elementor-widget-image\" data-id=\"1af3024\" data-element_type=\"widget\" data-e-type=\"widget\" data-widget_type=\"image.default\">\n\t\t\t\t\t\t\t\t\t\t\t\t\t\t\t<img loading=\"lazy\" decoding=\"async\" width=\"800\" height=\"509\" src=\"https:\/\/andaluciapce.com\/wp-content\/uploads\/2026\/05\/Capture5.png\" class=\"attachment-large size-large wp-image-5316\" alt=\"\" srcset=\"https:\/\/andaluciapce.com\/wp-content\/uploads\/2026\/05\/Capture5.png 912w, https:\/\/andaluciapce.com\/wp-content\/uploads\/2026\/05\/Capture5-300x191.png 300w, https:\/\/andaluciapce.com\/wp-content\/uploads\/2026\/05\/Capture5-768x488.png 768w\" sizes=\"(max-width: 800px) 100vw, 800px\" \/>\t\t\t\t\t\t\t\t\t\t\t\t\t\t\t<\/div>\n\t\t\t\t<\/div>\n\t\t\t\t\t<\/div>\n\t\t\t\t<\/div>\n\t\t<div class=\"elementor-element elementor-element-7d2acd0b e-flex e-con-boxed e-con e-parent\" data-id=\"7d2acd0b\" data-element_type=\"container\" data-e-type=\"container\">\n\t\t\t\t\t<div class=\"e-con-inner\">\n\t\t<div class=\"elementor-element elementor-element-7a077171 e-con-full e-flex e-con e-child\" data-id=\"7a077171\" data-element_type=\"container\" data-e-type=\"container\">\n\t\t\t\t<div class=\"elementor-element elementor-element-20913105 elementor-invisible elementor-widget elementor-widget-heading\" data-id=\"20913105\" data-element_type=\"widget\" data-e-type=\"widget\" data-settings=\"{&quot;_animation&quot;:&quot;fadeInUp&quot;}\" data-widget_type=\"heading.default\">\n\t\t\t\t\t<h2 class=\"elementor-heading-title elementor-size-default\">Nos partenaires<\/h2>\t\t\t\t<\/div>\n\t\t\t\t<div class=\"elementor-element elementor-element-6531719d elementor-widget__width-inherit elementor-widget-mobile__width-inherit elementor-widget elementor-widget-image-carousel\" data-id=\"6531719d\" data-element_type=\"widget\" data-e-type=\"widget\" data-settings=\"{&quot;slides_to_show&quot;:&quot;6&quot;,&quot;slides_to_show_tablet&quot;:&quot;5&quot;,&quot;slides_to_show_mobile&quot;:&quot;4&quot;,&quot;navigation&quot;:&quot;none&quot;,&quot;autoplay_speed&quot;:1,&quot;speed&quot;:9999,&quot;image_spacing_custom_tablet&quot;:{&quot;unit&quot;:&quot;px&quot;,&quot;size&quot;:10,&quot;sizes&quot;:[]},&quot;image_spacing_custom_mobile&quot;:{&quot;unit&quot;:&quot;px&quot;,&quot;size&quot;:10,&quot;sizes&quot;:[]},&quot;image_spacing_custom&quot;:{&quot;unit&quot;:&quot;px&quot;,&quot;size&quot;:10,&quot;sizes&quot;:[]},&quot;autoplay&quot;:&quot;yes&quot;,&quot;pause_on_hover&quot;:&quot;yes&quot;,&quot;pause_on_interaction&quot;:&quot;yes&quot;,&quot;infinite&quot;:&quot;yes&quot;}\" data-widget_type=\"image-carousel.default\">\n\t\t\t\t\t\t\t<div class=\"elementor-image-carousel-wrapper swiper\" role=\"region\" aria-roledescription=\"carousel\" aria-label=\"Image Carousel\" dir=\"ltr\">\n\t\t\t<div class=\"elementor-image-carousel swiper-wrapper\" aria-live=\"off\">\n\t\t\t\t\t\t\t\t<div class=\"swiper-slide\" role=\"group\" aria-roledescription=\"slide\" aria-label=\"1 of 6\"><figure class=\"swiper-slide-inner\"><img decoding=\"async\" class=\"swiper-slide-image\" src=\"https:\/\/andaluciapce.com\/wp-content\/uploads\/2026\/05\/siele-spanish-exam-1024x382-1.png\" alt=\"siele-spanish-exam-1024x382\" \/><\/figure><\/div><div class=\"swiper-slide\" role=\"group\" aria-roledescription=\"slide\" aria-label=\"2 of 6\"><figure class=\"swiper-slide-inner\"><img decoding=\"async\" class=\"swiper-slide-image\" src=\"https:\/\/andaluciapce.com\/wp-content\/uploads\/2026\/05\/logo_dele.png.webp\" alt=\"logo_dele.png\" \/><\/figure><\/div><div class=\"swiper-slide\" role=\"group\" aria-roledescription=\"slide\" aria-label=\"3 of 6\"><figure class=\"swiper-slide-inner\"><img decoding=\"async\" class=\"swiper-slide-image\" src=\"https:\/\/andaluciapce.com\/wp-content\/uploads\/2026\/05\/1-1024x1024-1.jpg\" alt=\"1-1024x1024\" \/><\/figure><\/div><div class=\"swiper-slide\" role=\"group\" aria-roledescription=\"slide\" aria-label=\"4 of 6\"><figure class=\"swiper-slide-inner\"><img decoding=\"async\" class=\"swiper-slide-image\" src=\"https:\/\/andaluciapce.com\/wp-content\/uploads\/2026\/05\/1.png\" alt=\"1\" \/><\/figure><\/div><div class=\"swiper-slide\" role=\"group\" aria-roledescription=\"slide\" aria-label=\"5 of 6\"><figure class=\"swiper-slide-inner\"><img decoding=\"async\" class=\"swiper-slide-image\" src=\"https:\/\/andaluciapce.com\/wp-content\/uploads\/2026\/05\/ESMS-Agadir-Ecole-Superieure-de-Management-du-Sud-Privee.png\" alt=\"ESMS-Agadir-Ecole-Superieure-de-Management-du-Sud-Privee\" \/><\/figure><\/div><div class=\"swiper-slide\" role=\"group\" aria-roledescription=\"slide\" aria-label=\"6 of 6\"><figure class=\"swiper-slide-inner\"><img decoding=\"async\" class=\"swiper-slide-image\" src=\"https:\/\/andaluciapce.com\/wp-content\/uploads\/2026\/05\/logounedasiss.png\" alt=\"logounedasiss\" \/><\/figure><\/div>\t\t\t<\/div>\n\t\t\t\t\t\t\t\n\t\t\t\t\t\t\t\t\t<\/div>\n\t\t\t\t\t\t<\/div>\n\t\t\t\t<\/div>\n\t\t\t\t\t<\/div>\n\t\t\t\t<\/div>\n\t\t\t\t<\/div>\n\t\t","protected":false},"excerpt":{"rendered":"<p>Universit\u00e9s espagnoles D\u00e9couvrir les universit\u00e9s L\u2019Espagne est aujourd\u2019hui l\u2019une des destinations les plus attractives pour les \u00e9tudiants marocains souhaitant poursuivre leurs \u00e9tudes sup\u00e9rieures en Europe. Gr\u00e2ce \u00e0 des universit\u00e9s reconnues, des frais de scolarit\u00e9 accessibles et une proximit\u00e9 culturelle importante, les universit\u00e9s espagnoles offrent un excellent environnement acad\u00e9mique et professionnel. Les \u00e9tudiants peuvent acc\u00e9der \u00e0 [&hellip;]<\/p>\n","protected":false},"author":1,"featured_media":0,"parent":0,"menu_order":0,"comment_status":"closed","ping_status":"closed","template":"elementor_header_footer","meta":{"footnotes":""},"class_list":["post-5294","page","type-page","status-publish","hentry"],"_links":{"self":[{"href":"https:\/\/andaluciapce.com\/index.php\/wp-json\/wp\/v2\/pages\/5294","targetHints":{"allow":["GET"]}}],"collection":[{"href":"https:\/\/andaluciapce.com\/index.php\/wp-json\/wp\/v2\/pages"}],"about":[{"href":"https:\/\/andaluciapce.com\/index.php\/wp-json\/wp\/v2\/types\/page"}],"author":[{"embeddable":true,"href":"https:\/\/andaluciapce.com\/index.php\/wp-json\/wp\/v2\/users\/1"}],"replies":[{"embeddable":true,"href":"https:\/\/andaluciapce.com\/index.php\/wp-json\/wp\/v2\/comments?post=5294"}],"version-history":[{"count":16,"href":"https:\/\/andaluciapce.com\/index.php\/wp-json\/wp\/v2\/pages\/5294\/revisions"}],"predecessor-version":[{"id":5348,"href":"https:\/\/andaluciapce.com\/index.php\/wp-json\/wp\/v2\/pages\/5294\/revisions\/5348"}],"wp:attachment":[{"href":"https:\/\/andaluciapce.com\/index.php\/wp-json\/wp\/v2\/media?parent=5294"}],"curies":[{"name":"wp","href":"https:\/\/api.w.org\/{rel}","templated":true}]}}